{"id":9868,"date":"2023-12-20T09:58:04","date_gmt":"2023-12-20T09:58:04","guid":{"rendered":"https:\/\/difrenos.com\/?post_type=product&#038;p=9868"},"modified":"2025-12-02T13:18:04","modified_gmt":"2025-12-02T13:18:04","slug":"chaqueta-axo-touring-ford","status":"publish","type":"product","link":"https:\/\/difrenos.com\/index.php\/producto\/chaqueta-axo-touring-ford\/","title":{"rendered":"Chaqueta Axo Touring Ford"},"content":{"rendered":"<p>Referencia: MS6T0135GYGRAMS Talla S.<\/p>\n<p>Chaqueta Touring Ford, ligera, c\u00f3moda y muy funcional, para todos los amantes de las dos ruedas AXO sigue apostando por el equipamiento de alta calidad para los usuarios de la moto y lo hace presentando una nueva prenda t\u00e9cnica que har\u00e1 las delicias de los amantes de las escapadas y los largos viajes: la chaqueta Touring Ford.<\/p>\n<p>La prenda italiana est\u00e1 dise\u00f1ada para hacer frente a todo tipo de situaciones, ya que puede utilizarse durante todo el a\u00f1o, y ofrece las mayores cotas de confort y seguridad en todo tipo de rutas.<\/p>\n<p>Esta nueva chaqueta de AXO es altamente resistente y est\u00e1 fabricada en poli\u00e9ster de alta tenacidad. La Touring Ford lleva un forro interno de poli\u00e9ster perforado, antis\u00e9ptico y anti-sudor, as\u00ed como un acolchado extra\u00edble para usarlo en los d\u00edas m\u00e1s fr\u00edos. Cuenta tambi\u00e9n con tecnolog\u00eda Watertech que evita cualquier filtraci\u00f3n de agua y que hace a la chaqueta FORD totalmente impermeable. Adem\u00e1s, gracias a sus ventilaciones en pecho y espalda, podemos utilizar nuestra chaqueta en los d\u00edas m\u00e1s calurosos.<\/p>\n<p>La Ford viene equipada con protecciones extra\u00edbles homologadas CE en codos y hombros, as\u00ed como con un bolsillo para albergar espaldera (no incluida), adem\u00e1s, AXO ha dotado a la chaqueta de inserciones reflectantes para garantizar una mayor visibilidad del conductor durante la noche, lo que la convierte en una chaqueta muy segura.<\/p>\n<p>AXO nos ofrece la m\u00e1xima funcionalidad con esta nueva prenda, incorporando en su dise\u00f1o grandes bolsillos interiores y exteriores, que le dan una enorme funcionalidad, un sistema de anclaje chaqueta\/pantal\u00f3n, un cierre con im\u00e1n en la zona del cuello, adem\u00e1s de c\u00f3modos ajustes en brazos, cintura y parte inferior, para que disfrutes de la conducci\u00f3n a tope.<\/p>\n<p>AXO Ford, chaqueta textil Caracteristicas Chaqueta de poli\u00e9ster de alta tenacidad. Forro de poli\u00e9ster perforado anti-bacteriano, anti-sudor. Cuello interno suave antibacteriano y antitranspirante. Membrana de Watertech Quilting extra\u00edble. Vents en frente y parte posterior. Cierre de cuello im\u00e1n Grandes bolsillos internos y externos. Inserciones reflectantes HV. Ajustes de brazos, cintura e inferior. Sistema de bloqueo para combinar pantalones de chaqueta<\/p>\n","protected":false},"excerpt":{"rendered":"<p>Talla S.<\/p>\n","protected":false},"featured_media":9869,"template":"","meta":{"_et_pb_use_builder":"","_et_pb_old_content":"","_et_gb_content_width":""},"product_cat":[33,232,51],"product_tag":[28,41,192],"_links":{"self":[{"href":"https:\/\/difrenos.com\/index.php\/wp-json\/wp\/v2\/product\/9868"}],"collection":[{"href":"https:\/\/difrenos.com\/index.php\/wp-json\/wp\/v2\/product"}],"about":[{"href":"https:\/\/difrenos.com\/index.php\/wp-json\/wp\/v2\/types\/product"}],"wp:featuredmedia":[{"embeddable":true,"href":"https:\/\/difrenos.com\/index.php\/wp-json\/wp\/v2\/media\/9869"}],"wp:attachment":[{"href":"https:\/\/difrenos.com\/index.php\/wp-json\/wp\/v2\/media?parent=9868"}],"wp:term":[{"taxonomy":"product_cat","embeddable":true,"href":"https:\/\/difrenos.com\/index.php\/wp-json\/wp\/v2\/product_cat?post=9868"},{"taxonomy":"product_tag","embeddable":true,"href":"https:\/\/difrenos.com\/index.php\/wp-json\/wp\/v2\/product_tag?post=9868"}],"curies":[{"name":"wp","href":"https:\/\/api.w.org\/{rel}","templated":true}]}}