{"id":9854,"date":"2023-12-19T12:46:40","date_gmt":"2023-12-19T12:46:40","guid":{"rendered":"https:\/\/difrenos.com\/?post_type=product&#038;p=9854"},"modified":"2026-03-17T13:54:00","modified_gmt":"2026-03-17T13:54:00","slug":"chaqueta-seventy-degrees-sd-jc57-verde-militar-seventy","status":"publish","type":"product","link":"https:\/\/difrenos.com\/index.php\/producto\/chaqueta-seventy-degrees-sd-jc57-verde-militar-seventy\/","title":{"rendered":"Chaqueta Seventy Winter Urban"},"content":{"rendered":"<p>Referencia: SD22057098 Talla XXL<\/p>\n<p>Una chaqueta urbana corta, de tipo Barbour con un dise\u00f1o espectacular. Realizada en algod\u00f3n encerado muy flexible, la chaqueta es impermeable gracias a la membrana Winter Tex que incorpora y la podemos usar en d\u00edas fr\u00edos ya que cuenta con un forro t\u00e9rmico desmontable.<\/p>\n","protected":false},"excerpt":{"rendered":"<p>Talla XXL<\/p>\n","protected":false},"featured_media":9855,"template":"","meta":{"_et_pb_use_builder":"","_et_pb_old_content":"","_et_gb_content_width":""},"product_cat":[33,232,51],"product_tag":[41,861,670],"_links":{"self":[{"href":"https:\/\/difrenos.com\/index.php\/wp-json\/wp\/v2\/product\/9854"}],"collection":[{"href":"https:\/\/difrenos.com\/index.php\/wp-json\/wp\/v2\/product"}],"about":[{"href":"https:\/\/difrenos.com\/index.php\/wp-json\/wp\/v2\/types\/product"}],"wp:featuredmedia":[{"embeddable":true,"href":"https:\/\/difrenos.com\/index.php\/wp-json\/wp\/v2\/media\/9855"}],"wp:attachment":[{"href":"https:\/\/difrenos.com\/index.php\/wp-json\/wp\/v2\/media?parent=9854"}],"wp:term":[{"taxonomy":"product_cat","embeddable":true,"href":"https:\/\/difrenos.com\/index.php\/wp-json\/wp\/v2\/product_cat?post=9854"},{"taxonomy":"product_tag","embeddable":true,"href":"https:\/\/difrenos.com\/index.php\/wp-json\/wp\/v2\/product_tag?post=9854"}],"curies":[{"name":"wp","href":"https:\/\/api.w.org\/{rel}","templated":true}]}}