{"id":9849,"date":"2023-12-19T12:41:25","date_gmt":"2023-12-19T12:41:25","guid":{"rendered":"https:\/\/difrenos.com\/?post_type=product&#038;p=9849"},"modified":"2026-03-17T18:51:52","modified_gmt":"2026-03-17T18:51:52","slug":"chaq-seventy-sd-jc57-winter-urban-man-black","status":"publish","type":"product","link":"https:\/\/difrenos.com\/index.php\/producto\/chaq-seventy-sd-jc57-winter-urban-man-black\/","title":{"rendered":"Chaqueta Seventy Winter Urban Hombre"},"content":{"rendered":"<p>Referencias:<br \/>\nSD22057014 Talla S<br \/>\nSD22057015 Talla M<\/p>\n<p>Es perfecta para los motoristas de ciudad que buscan elegancia y protecci\u00f3n contra el fr\u00edo y la lluvia. Esta chaqueta ofrece un dise\u00f1o tipo barbour y est\u00e1 confeccionada en algod\u00f3n encerado muy flexible que a su vez es muy confortable. Incorpora otros detalles como el forro t\u00e9rmico desmontable, los protectores de codos, hombros y espalda o la membrana impermeable y transpirable WinterTex.<\/p>\n<p>Caracteristicas:<br \/>\nDe aspecto urbano y dise\u00f1o corto, la chaqueta Seventy Degrees SD-JC57 es perfecta para los motoristas de ciudad que buscan elegancia y protecci\u00f3n contra el fr\u00edo y la lluvia. Esta chaqueta ofrece un dise\u00f1o tipo barbour.<\/p>\n<p>Composicion:<br \/>\nEst\u00e1 confeccionada en algod\u00f3n encerado muy flexible que a su vez es muy confortable. Incorpora otros detalles como el forro t\u00e9rmico desmontable, los protectores de codos, hombros y espalda o la membrana impermeable y transpirable WinterTex.<\/p>\n<p>Las chaquetas Seventy Degrees est\u00e1n homologadas por la CE<\/p>\n<p>&nbsp;<\/p>\n","protected":false},"excerpt":{"rendered":"<p>Referencias: SD22057014 Talla S SD22057015 Talla M Es perfecta para los motoristas de ciudad que buscan elegancia y protecci\u00f3n contra el fr\u00edo y la lluvia. Esta chaqueta ofrece un dise\u00f1o tipo barbour y est\u00e1 confeccionada en algod\u00f3n encerado muy flexible que a su vez es muy confortable. Incorpora otros detalles como el forro t\u00e9rmico desmontable, [&hellip;]<\/p>\n","protected":false},"featured_media":24557,"template":"","meta":{"_et_pb_use_builder":"","_et_pb_old_content":"","_et_gb_content_width":""},"product_cat":[33,232,51],"product_tag":[41,391,309,670],"_links":{"self":[{"href":"https:\/\/difrenos.com\/index.php\/wp-json\/wp\/v2\/product\/9849"}],"collection":[{"href":"https:\/\/difrenos.com\/index.php\/wp-json\/wp\/v2\/product"}],"about":[{"href":"https:\/\/difrenos.com\/index.php\/wp-json\/wp\/v2\/types\/product"}],"wp:featuredmedia":[{"embeddable":true,"href":"https:\/\/difrenos.com\/index.php\/wp-json\/wp\/v2\/media\/24557"}],"wp:attachment":[{"href":"https:\/\/difrenos.com\/index.php\/wp-json\/wp\/v2\/media?parent=9849"}],"wp:term":[{"taxonomy":"product_cat","embeddable":true,"href":"https:\/\/difrenos.com\/index.php\/wp-json\/wp\/v2\/product_cat?post=9849"},{"taxonomy":"product_tag","embeddable":true,"href":"https:\/\/difrenos.com\/index.php\/wp-json\/wp\/v2\/product_tag?post=9849"}],"curies":[{"name":"wp","href":"https:\/\/api.w.org\/{rel}","templated":true}]}}