{"id":9823,"date":"2023-12-15T13:08:50","date_gmt":"2023-12-15T13:08:50","guid":{"rendered":"https:\/\/difrenos.com\/?post_type=product&#038;p=9823"},"modified":"2026-04-09T09:03:59","modified_gmt":"2026-04-09T09:03:59","slug":"botas-hebo-technical-3-0-micro-trial-negro","status":"publish","type":"product","link":"https:\/\/difrenos.com\/index.php\/producto\/botas-hebo-technical-3-0-micro-trial-negro\/","title":{"rendered":"Botas Hebo Technical 3.0 Micro"},"content":{"rendered":"<p>Referencias:<br \/>\nHT1016N41 Talla 41<br \/>\nHT1016N43 Talla 43<br \/>\nHT1016N44 Talla 44<\/p>\n<p>Las botas Hebo Technical 3.0 Micro color negro. Est\u00e1n fabricadas en microfibra y cuenta con refuerzos en la puntera, el tal\u00f3n, la espinilla y en la zona de apoyo de las estriberas. Uno de los productos del cat\u00e1logo Hebo 2024 mejorados, botas renovadas en dise\u00f1o, materiales y tecnolog\u00eda. Con un peso de tan s\u00f3lo 1.200 gramos por bota, una de las m\u00e1s ligeras del mercado de hoy. Dispone de membrana interior resistente al agua y suela asim\u00e9trica. Los cierres ahora est\u00e1n fabricados en aluminio y el velcro superior es de alt\u00edsima adherencia y calidad.<\/p>\n","protected":false},"excerpt":{"rendered":"<p>Referencias: HT1016N41 Talla 41 HT1016N43 Talla 43 HT1016N44 Talla 44 Las botas Hebo Technical 3.0 Micro color negro. Est\u00e1n fabricadas en microfibra y cuenta con refuerzos en la puntera, el tal\u00f3n, la espinilla y en la zona de apoyo de las estriberas. Uno de los productos del cat\u00e1logo Hebo 2024 mejorados, botas renovadas en dise\u00f1o, [&hellip;]<\/p>\n","protected":false},"featured_media":9824,"template":"","meta":{"_et_pb_use_builder":"","_et_pb_old_content":"","_et_gb_content_width":""},"product_cat":[221,33,34,711,288],"product_tag":[105,302],"_links":{"self":[{"href":"https:\/\/difrenos.com\/index.php\/wp-json\/wp\/v2\/product\/9823"}],"collection":[{"href":"https:\/\/difrenos.com\/index.php\/wp-json\/wp\/v2\/product"}],"about":[{"href":"https:\/\/difrenos.com\/index.php\/wp-json\/wp\/v2\/types\/product"}],"wp:featuredmedia":[{"embeddable":true,"href":"https:\/\/difrenos.com\/index.php\/wp-json\/wp\/v2\/media\/9824"}],"wp:attachment":[{"href":"https:\/\/difrenos.com\/index.php\/wp-json\/wp\/v2\/media?parent=9823"}],"wp:term":[{"taxonomy":"product_cat","embeddable":true,"href":"https:\/\/difrenos.com\/index.php\/wp-json\/wp\/v2\/product_cat?post=9823"},{"taxonomy":"product_tag","embeddable":true,"href":"https:\/\/difrenos.com\/index.php\/wp-json\/wp\/v2\/product_tag?post=9823"}],"curies":[{"name":"wp","href":"https:\/\/api.w.org\/{rel}","templated":true}]}}