{"id":9733,"date":"2023-11-30T12:57:51","date_gmt":"2023-11-30T12:57:51","guid":{"rendered":"https:\/\/difrenos.com\/?post_type=product&#038;p=9733"},"modified":"2026-02-06T12:28:36","modified_gmt":"2026-02-06T12:28:36","slug":"mochila-husqvarna-ebike-accelerate","status":"publish","type":"product","link":"https:\/\/difrenos.com\/index.php\/producto\/mochila-husqvarna-ebike-accelerate\/","title":{"rendered":"Mochila Husqvarna Ebike Accelerate"},"content":{"rendered":"<p>Referencia: 9800000185<\/p>\n<ul>\n<li>Cintur\u00f3n subabdominal de neopreno para un agarre especialmente firme<\/li>\n<li>Compartimento de la bater\u00eda<\/li>\n<li>Porta casco<\/li>\n<li>Protector de espalda con homologaci\u00f3n CE<\/li>\n<li>Correas reforzadas para una sujeci\u00f3n segura y firme<\/li>\n<li>Compartimento lateral para botella<\/li>\n<li>Compartimento grande delante<\/li>\n<li>Detalles reflectantes100 % poli\u00e9ster<\/li>\n<\/ul>\n","protected":false},"excerpt":{"rendered":"<p>Referencia: 9800000185 Cintur\u00f3n subabdominal de neopreno para un agarre especialmente firme Compartimento de la bater\u00eda Porta casco Protector de espalda con homologaci\u00f3n CE Correas reforzadas para una sujeci\u00f3n segura y firme Compartimento lateral para botella Compartimento grande delante Detalles reflectantes100 % poli\u00e9ster<\/p>\n","protected":false},"featured_media":9734,"template":"","meta":{"_et_pb_use_builder":"","_et_pb_old_content":"","_et_gb_content_width":""},"product_cat":[706,292,220,33,701],"product_tag":[66,126],"_links":{"self":[{"href":"https:\/\/difrenos.com\/index.php\/wp-json\/wp\/v2\/product\/9733"}],"collection":[{"href":"https:\/\/difrenos.com\/index.php\/wp-json\/wp\/v2\/product"}],"about":[{"href":"https:\/\/difrenos.com\/index.php\/wp-json\/wp\/v2\/types\/product"}],"wp:featuredmedia":[{"embeddable":true,"href":"https:\/\/difrenos.com\/index.php\/wp-json\/wp\/v2\/media\/9734"}],"wp:attachment":[{"href":"https:\/\/difrenos.com\/index.php\/wp-json\/wp\/v2\/media?parent=9733"}],"wp:term":[{"taxonomy":"product_cat","embeddable":true,"href":"https:\/\/difrenos.com\/index.php\/wp-json\/wp\/v2\/product_cat?post=9733"},{"taxonomy":"product_tag","embeddable":true,"href":"https:\/\/difrenos.com\/index.php\/wp-json\/wp\/v2\/product_tag?post=9733"}],"curies":[{"name":"wp","href":"https:\/\/api.w.org\/{rel}","templated":true}]}}