{"id":9706,"date":"2023-11-24T10:44:37","date_gmt":"2023-11-24T10:44:37","guid":{"rendered":"https:\/\/difrenos.com\/?post_type=product&#038;p=9706"},"modified":"2026-02-25T11:45:00","modified_gmt":"2026-02-25T11:45:00","slug":"collarin-alpinestars-bns-pro","status":"publish","type":"product","link":"https:\/\/difrenos.com\/index.php\/producto\/collarin-alpinestars-bns-pro\/","title":{"rendered":"Collar\u00edn Alpinestars BNS Pro Talla S\/M"},"content":{"rendered":"<p>Referencia: 6500114 Talla XS\/M<\/p>\n<p>&#8211; Integridad estructural y resistencia del chasis contra pesadas energ\u00edas de impacto durante la colisi\u00f3n.<\/p>\n<p>&#8211; Rendimiento ligero y confort mientras pilotamos.<\/p>\n<p>&#8211; Capacidad de adaptarse a las bajas temperaturas, bajo 0\u00b0C.<\/p>\n<p>&#8211; Sistema de adaptador de talla SAS para un ajuste vers\u00e1til en la gama de tallas<\/p>\n<p>&#8211; Juegos de acolchado en espuma de lycra-laminada: almohadillas en espuma EVA adaptables e intercambiables que permiten compatibilizarlo con sistemas de protecci\u00f3n de cuerpo.<\/p>\n<p>&#8211; Sistema de correas: Permite unas peque\u00f1as y ligeras correas que se llevan sobre o bajo el jersey.<\/p>\n<p>&#8211; El estabilizador trasero promueve la descarga progresiva de la fuerza PRF (Progressive Force Relief) y disipa las cargas de energ\u00eda<br \/>\nextremas transmiti\u00e9ndolas a trav\u00e9s de la espalda y los hombros, lejos de la columna vertebral (vertebras tor\u00e1cicas), y est\u00e1 conectado al<br \/>\nchasis a trav\u00e9s de un pivote para un pr\u00e1ctico desmontaje.<\/p>\n<p>&#8211; La confecci\u00f3n del chasis promueve el contacto mejorado con el casco durante el impacto y la canalizaci\u00f3n de las cargas de forma<br \/>\ninstant\u00e1nea, incluyendo el borde del soporte trasero que se ajusta m\u00e1s cerca del cuerpo, la anchura extra para adaptarse a diferentes tallas<br \/>\nde cascos y el pecho elevado para evitar las lesiones por h\u00edper-flexi\u00f3n.<\/p>\n<p>&#8211; El innovador sistema de cierre con bloqueo de r\u00e1pida liberaci\u00f3n, para un r\u00e1pido y eficiente quita y pon, ofrece un abrochado altamente<br \/>\nseguro y pr\u00e1ctico.<\/p>\n<p>&#8211; Acolchados en compuesto de espuma EVA comprimida que distribuye las fuerzas del impacto sobre la zona m\u00e1s ancha mientras mantiene la<br \/>\nligereza.<\/p>\n","protected":false},"excerpt":{"rendered":"<p>Talla\u00a0 S\/M<\/p>\n","protected":false},"featured_media":9707,"template":"","meta":{"_et_pb_use_builder":"","_et_pb_old_content":"","_et_gb_content_width":""},"product_cat":[745,33,242,166],"product_tag":[448,309],"_links":{"self":[{"href":"https:\/\/difrenos.com\/index.php\/wp-json\/wp\/v2\/product\/9706"}],"collection":[{"href":"https:\/\/difrenos.com\/index.php\/wp-json\/wp\/v2\/product"}],"about":[{"href":"https:\/\/difrenos.com\/index.php\/wp-json\/wp\/v2\/types\/product"}],"wp:featuredmedia":[{"embeddable":true,"href":"https:\/\/difrenos.com\/index.php\/wp-json\/wp\/v2\/media\/9707"}],"wp:attachment":[{"href":"https:\/\/difrenos.com\/index.php\/wp-json\/wp\/v2\/media?parent=9706"}],"wp:term":[{"taxonomy":"product_cat","embeddable":true,"href":"https:\/\/difrenos.com\/index.php\/wp-json\/wp\/v2\/product_cat?post=9706"},{"taxonomy":"product_tag","embeddable":true,"href":"https:\/\/difrenos.com\/index.php\/wp-json\/wp\/v2\/product_tag?post=9706"}],"curies":[{"name":"wp","href":"https:\/\/api.w.org\/{rel}","templated":true}]}}