{"id":9684,"date":"2023-11-22T13:56:03","date_gmt":"2023-11-22T13:56:03","guid":{"rendered":"https:\/\/difrenos.com\/?post_type=product&#038;p=9684"},"modified":"2026-02-25T13:42:52","modified_gmt":"2026-02-25T13:42:52","slug":"bolsa-deposito-hebo","status":"publish","type":"product","link":"https:\/\/difrenos.com\/index.php\/producto\/bolsa-deposito-hebo\/","title":{"rendered":"Bolsa Dep\u00f3sito Hebo"},"content":{"rendered":"<p>Referencia: HE8133<\/p>\n<p>La Bolsa para Dep\u00f3sito apta para todas las motos de Trial, ideal para cargar combustible, agua, herramientas o el tel\u00e9fono m\u00f3vil.<\/p>\n<p>&nbsp;<\/p>\n","protected":false},"excerpt":{"rendered":"<p>Referencia: HE8133 La Bolsa para Dep\u00f3sito apta para todas las motos de Trial, ideal para cargar combustible, agua, herramientas o el tel\u00e9fono m\u00f3vil. &nbsp;<\/p>\n","protected":false},"featured_media":9685,"template":"","meta":{"_et_pb_use_builder":"","_et_pb_old_content":"","_et_gb_content_width":""},"product_cat":[215,33,711,272,273],"product_tag":[699,105,302],"_links":{"self":[{"href":"https:\/\/difrenos.com\/index.php\/wp-json\/wp\/v2\/product\/9684"}],"collection":[{"href":"https:\/\/difrenos.com\/index.php\/wp-json\/wp\/v2\/product"}],"about":[{"href":"https:\/\/difrenos.com\/index.php\/wp-json\/wp\/v2\/types\/product"}],"wp:featuredmedia":[{"embeddable":true,"href":"https:\/\/difrenos.com\/index.php\/wp-json\/wp\/v2\/media\/9685"}],"wp:attachment":[{"href":"https:\/\/difrenos.com\/index.php\/wp-json\/wp\/v2\/media?parent=9684"}],"wp:term":[{"taxonomy":"product_cat","embeddable":true,"href":"https:\/\/difrenos.com\/index.php\/wp-json\/wp\/v2\/product_cat?post=9684"},{"taxonomy":"product_tag","embeddable":true,"href":"https:\/\/difrenos.com\/index.php\/wp-json\/wp\/v2\/product_tag?post=9684"}],"curies":[{"name":"wp","href":"https:\/\/api.w.org\/{rel}","templated":true}]}}