{"id":9672,"date":"2023-11-22T13:31:32","date_gmt":"2023-11-22T13:31:32","guid":{"rendered":"https:\/\/difrenos.com\/?post_type=product&#038;p=9672"},"modified":"2026-03-09T21:19:13","modified_gmt":"2026-03-09T21:19:13","slug":"suelas-hebo-tr-pro","status":"publish","type":"product","link":"https:\/\/difrenos.com\/index.php\/producto\/suelas-hebo-tr-pro\/","title":{"rendered":"Suelas Hebo Tr Pro"},"content":{"rendered":"<p>Referencia: HTR1001M Talla M (Tallas 42-45)<\/p>\n<p>Recambio de suela para Trial Tech Pro<\/p>\n<p>La suela Trial Tech Tr Pro es un componente de repuesto para botas de Trial. Es una suela espec\u00edfica para botas de Trial que proporciona una buena tracci\u00f3n y resistencia en diferentes tipos de terrenos. Est\u00e1 dise\u00f1ada para reemplazar las suelas originales de las botas cuando se desgasten o se da\u00f1en.<\/p>\n<p>&nbsp;<\/p>\n","protected":false},"excerpt":{"rendered":"<p>Talla M (42-45)<\/p>\n","protected":false},"featured_media":9673,"template":"","meta":{"_et_pb_use_builder":"","_et_pb_old_content":"","_et_gb_content_width":""},"product_cat":[215,33,711,290],"product_tag":[105,697,696,302],"_links":{"self":[{"href":"https:\/\/difrenos.com\/index.php\/wp-json\/wp\/v2\/product\/9672"}],"collection":[{"href":"https:\/\/difrenos.com\/index.php\/wp-json\/wp\/v2\/product"}],"about":[{"href":"https:\/\/difrenos.com\/index.php\/wp-json\/wp\/v2\/types\/product"}],"wp:featuredmedia":[{"embeddable":true,"href":"https:\/\/difrenos.com\/index.php\/wp-json\/wp\/v2\/media\/9673"}],"wp:attachment":[{"href":"https:\/\/difrenos.com\/index.php\/wp-json\/wp\/v2\/media?parent=9672"}],"wp:term":[{"taxonomy":"product_cat","embeddable":true,"href":"https:\/\/difrenos.com\/index.php\/wp-json\/wp\/v2\/product_cat?post=9672"},{"taxonomy":"product_tag","embeddable":true,"href":"https:\/\/difrenos.com\/index.php\/wp-json\/wp\/v2\/product_tag?post=9672"}],"curies":[{"name":"wp","href":"https:\/\/api.w.org\/{rel}","templated":true}]}}