{"id":9669,"date":"2023-11-22T13:28:33","date_gmt":"2023-11-22T13:28:33","guid":{"rendered":"https:\/\/difrenos.com\/?post_type=product&#038;p=9669"},"modified":"2025-09-26T13:17:39","modified_gmt":"2025-09-26T13:17:39","slug":"suelas-hebo-tech-comp","status":"publish","type":"product","link":"https:\/\/difrenos.com\/index.php\/producto\/suelas-hebo-tech-comp\/","title":{"rendered":"Suelas Hebo Tech Comp"},"content":{"rendered":"<p>Referencias:<br \/>\nHTR1020S Talla S<br \/>\nHTR1020L Talla L<\/p>\n<p>Suelas de recambio para botas Techcomp de HEBO.<\/p>\n<p>La suela Trial Tech Comp es un componente de repuesto para botas de Trial. Es una suela espec\u00edfica para botas de Trial que proporciona una buena tracci\u00f3n y resistencia en diferentes tipos de terrenos. Est\u00e1 dise\u00f1ada para reemplazar las suelas originales de las botas cuando se desgasten o se da\u00f1en.<\/p>\n","protected":false},"excerpt":{"rendered":"<p>Referencias: HTR1020S Talla S HTR1020L Talla L Suelas de recambio para botas Techcomp de HEBO. La suela Trial Tech Comp es un componente de repuesto para botas de Trial. Es una suela espec\u00edfica para botas de Trial que proporciona una buena tracci\u00f3n y resistencia en diferentes tipos de terrenos. Est\u00e1 dise\u00f1ada para reemplazar las suelas [&hellip;]<\/p>\n","protected":false},"featured_media":9670,"template":"","meta":{"_et_pb_use_builder":"","_et_pb_old_content":"","_et_gb_content_width":""},"product_cat":[215,33,711,290],"product_tag":[105,476,696,302],"_links":{"self":[{"href":"https:\/\/difrenos.com\/index.php\/wp-json\/wp\/v2\/product\/9669"}],"collection":[{"href":"https:\/\/difrenos.com\/index.php\/wp-json\/wp\/v2\/product"}],"about":[{"href":"https:\/\/difrenos.com\/index.php\/wp-json\/wp\/v2\/types\/product"}],"wp:featuredmedia":[{"embeddable":true,"href":"https:\/\/difrenos.com\/index.php\/wp-json\/wp\/v2\/media\/9670"}],"wp:attachment":[{"href":"https:\/\/difrenos.com\/index.php\/wp-json\/wp\/v2\/media?parent=9669"}],"wp:term":[{"taxonomy":"product_cat","embeddable":true,"href":"https:\/\/difrenos.com\/index.php\/wp-json\/wp\/v2\/product_cat?post=9669"},{"taxonomy":"product_tag","embeddable":true,"href":"https:\/\/difrenos.com\/index.php\/wp-json\/wp\/v2\/product_tag?post=9669"}],"curies":[{"name":"wp","href":"https:\/\/api.w.org\/{rel}","templated":true}]}}