{"id":9666,"date":"2023-11-22T13:23:28","date_gmt":"2023-11-22T13:23:28","guid":{"rendered":"https:\/\/difrenos.com\/?post_type=product&#038;p=9666"},"modified":"2025-12-18T12:44:03","modified_gmt":"2025-12-18T12:44:03","slug":"guantes-hebo-montesa-classic-2","status":"publish","type":"product","link":"https:\/\/difrenos.com\/index.php\/producto\/guantes-hebo-montesa-classic-2\/","title":{"rendered":"Guantes Hebo Montesa Classic"},"content":{"rendered":"<p>Referencia:<br \/>\nHE1161MR Talla M<br \/>\nHE1161XXLR Talla XXL<\/p>\n<p>Fabricados en tejido el\u00e1stico de nylon de alta resistencia en su dorso logotipo caracter\u00edstico HEBO en el dedo \u00edndice. Modelo usado por los mejores pilotos del momento.<\/p>\n<p>Los Guantes Montesa Classic est\u00e1n fabricados en nailon (63 %), poli\u00e9ster (30 %) y poliuretano (7 %). El tejido del dorso es el\u00e1stico de 4 direcciones, lo que garantiza tanto su adaptabilidad como la libertad de movimientos de la mano de quien conduzca. La palma de microfibra facilita el agarre al pu\u00f1o de la motocicleta aumentando la precisi\u00f3n de cada movimiento. El cierre de velcro de la mu\u00f1eca permite ajustar los guantes correctamente evitando desplazamientos involuntarios. El discreto logotipo de la marca aparece en uno de los dedos y en la zona de la mu\u00f1eca, aportando una pincelada de elegancia de lo m\u00e1s interesante.<\/p>\n","protected":false},"excerpt":{"rendered":"<p>Referencia: HE1161MR Talla M HE1161XXLR Talla XXL Fabricados en tejido el\u00e1stico de nylon de alta resistencia en su dorso logotipo caracter\u00edstico HEBO en el dedo \u00edndice. Modelo usado por los mejores pilotos del momento. Los Guantes Montesa Classic est\u00e1n fabricados en nailon (63 %), poli\u00e9ster (30 %) y poliuretano (7 %). El tejido del dorso [&hellip;]<\/p>\n","protected":false},"featured_media":9667,"template":"","meta":{"_et_pb_use_builder":"","_et_pb_old_content":"","_et_gb_content_width":""},"product_cat":[33,100,711,708,204],"product_tag":[105,345,302],"_links":{"self":[{"href":"https:\/\/difrenos.com\/index.php\/wp-json\/wp\/v2\/product\/9666"}],"collection":[{"href":"https:\/\/difrenos.com\/index.php\/wp-json\/wp\/v2\/product"}],"about":[{"href":"https:\/\/difrenos.com\/index.php\/wp-json\/wp\/v2\/types\/product"}],"wp:featuredmedia":[{"embeddable":true,"href":"https:\/\/difrenos.com\/index.php\/wp-json\/wp\/v2\/media\/9667"}],"wp:attachment":[{"href":"https:\/\/difrenos.com\/index.php\/wp-json\/wp\/v2\/media?parent=9666"}],"wp:term":[{"taxonomy":"product_cat","embeddable":true,"href":"https:\/\/difrenos.com\/index.php\/wp-json\/wp\/v2\/product_cat?post=9666"},{"taxonomy":"product_tag","embeddable":true,"href":"https:\/\/difrenos.com\/index.php\/wp-json\/wp\/v2\/product_tag?post=9666"}],"curies":[{"name":"wp","href":"https:\/\/api.w.org\/{rel}","templated":true}]}}