{"id":9627,"date":"2023-11-21T10:14:00","date_gmt":"2023-11-21T10:14:00","guid":{"rendered":"https:\/\/difrenos.com\/?post_type=product&#038;p=9627"},"modified":"2025-09-22T09:53:39","modified_gmt":"2025-09-22T09:53:39","slug":"bolsa-sobre-deposito-husqvarna-svartpilen-401-2020-2023","status":"publish","type":"product","link":"https:\/\/difrenos.com\/index.php\/producto\/bolsa-sobre-deposito-husqvarna-svartpilen-401-2020-2023\/","title":{"rendered":"Bolsa Sobre-Dep\u00f3sito Husqvarna Svartpilen 401"},"content":{"rendered":"<p id=\"product_reference\"><label>Referencia :<\/label>\u00a0<span class=\"editable\">28512919000<\/span><\/p>\n<p>Para modelos desde el a\u00f1o 2020 a 2023<\/p>\n<div id=\"short_description_block\">\n<div class=\"comments_note\">\n<div class=\"star_content clearfix\">Dise\u00f1o moderno, sutil y atemporal<\/div>\n<\/div>\n<\/div>\n<p>Costuras soldadas<\/p>\n<p>Incluye cubierta de protecci\u00f3n contra la lluvia<\/p>\n<p>Correa de transporte incluida<\/p>\n<p>Cremallera recubierta de PVC<\/p>\n<p>Fondo reforzado con imanes<\/p>\n<p>Recubrimiento impermeable resistente<\/p>\n<p>Tama\u00f1o 5 litros<\/p>\n","protected":false},"excerpt":{"rendered":"<p>Referencia :\u00a028512919000 Para modelos desde el a\u00f1o 2020 a 2023 Dise\u00f1o moderno, sutil y atemporal Costuras soldadas Incluye cubierta de protecci\u00f3n contra la lluvia Correa de transporte incluida Cremallera recubierta de PVC Fondo reforzado con imanes Recubrimiento impermeable resistente Tama\u00f1o 5 litros<\/p>\n","protected":false},"featured_media":9628,"template":"","meta":{"_et_pb_use_builder":"","_et_pb_old_content":"","_et_gb_content_width":""},"product_cat":[215,33,272],"product_tag":[445,108],"_links":{"self":[{"href":"https:\/\/difrenos.com\/index.php\/wp-json\/wp\/v2\/product\/9627"}],"collection":[{"href":"https:\/\/difrenos.com\/index.php\/wp-json\/wp\/v2\/product"}],"about":[{"href":"https:\/\/difrenos.com\/index.php\/wp-json\/wp\/v2\/types\/product"}],"wp:featuredmedia":[{"embeddable":true,"href":"https:\/\/difrenos.com\/index.php\/wp-json\/wp\/v2\/media\/9628"}],"wp:attachment":[{"href":"https:\/\/difrenos.com\/index.php\/wp-json\/wp\/v2\/media?parent=9627"}],"wp:term":[{"taxonomy":"product_cat","embeddable":true,"href":"https:\/\/difrenos.com\/index.php\/wp-json\/wp\/v2\/product_cat?post=9627"},{"taxonomy":"product_tag","embeddable":true,"href":"https:\/\/difrenos.com\/index.php\/wp-json\/wp\/v2\/product_tag?post=9627"}],"curies":[{"name":"wp","href":"https:\/\/api.w.org\/{rel}","templated":true}]}}