{"id":9617,"date":"2023-11-20T18:05:44","date_gmt":"2023-11-20T18:05:44","guid":{"rendered":"https:\/\/difrenos.com\/?post_type=product&#038;p=9617"},"modified":"2026-02-10T11:53:32","modified_gmt":"2026-02-10T11:53:32","slug":"collarin-husqvarna-3-5-gpx-junior","status":"publish","type":"product","link":"https:\/\/difrenos.com\/index.php\/producto\/collarin-husqvarna-3-5-gpx-junior\/","title":{"rendered":"Collar\u00edn Husqvarna 3.5 Gpx Junior"},"content":{"rendered":"<p>Referencia: 3HS220039300<\/p>\n<ul>\n<li>Collar\u00edn juvenil ligero<\/li>\n<li>Desarrollado para anatom\u00eda juvenil<\/li>\n<li>Espuma EVA para un ajuste \u00f3ptimo<\/li>\n<li>Sistema de cierre f\u00e1cil de usar<\/li>\n<li>Dise\u00f1o exclusivo de Leatt para Husqvarna Motorcycles<\/li>\n<li>36 % nylon \/ 14 % policarbonato \/ 6 % acetato \/ 4 % otros<\/li>\n<\/ul>\n","protected":false},"excerpt":{"rendered":"<p>Referencia: 3HS220039300 Collar\u00edn juvenil ligero Desarrollado para anatom\u00eda juvenil Espuma EVA para un ajuste \u00f3ptimo Sistema de cierre f\u00e1cil de usar Dise\u00f1o exclusivo de Leatt para Husqvarna Motorcycles 36 % nylon \/ 14 % policarbonato \/ 6 % acetato \/ 4 % otros<\/p>\n","protected":false},"featured_media":9619,"template":"","meta":{"_et_pb_use_builder":"","_et_pb_old_content":"","_et_gb_content_width":""},"product_cat":[33,863,116,167],"product_tag":[530,108,117,309],"_links":{"self":[{"href":"https:\/\/difrenos.com\/index.php\/wp-json\/wp\/v2\/product\/9617"}],"collection":[{"href":"https:\/\/difrenos.com\/index.php\/wp-json\/wp\/v2\/product"}],"about":[{"href":"https:\/\/difrenos.com\/index.php\/wp-json\/wp\/v2\/types\/product"}],"wp:featuredmedia":[{"embeddable":true,"href":"https:\/\/difrenos.com\/index.php\/wp-json\/wp\/v2\/media\/9619"}],"wp:attachment":[{"href":"https:\/\/difrenos.com\/index.php\/wp-json\/wp\/v2\/media?parent=9617"}],"wp:term":[{"taxonomy":"product_cat","embeddable":true,"href":"https:\/\/difrenos.com\/index.php\/wp-json\/wp\/v2\/product_cat?post=9617"},{"taxonomy":"product_tag","embeddable":true,"href":"https:\/\/difrenos.com\/index.php\/wp-json\/wp\/v2\/product_tag?post=9617"}],"curies":[{"name":"wp","href":"https:\/\/api.w.org\/{rel}","templated":true}]}}