{"id":9608,"date":"2023-11-20T17:37:58","date_gmt":"2023-11-20T17:37:58","guid":{"rendered":"https:\/\/difrenos.com\/?post_type=product&#038;p=9608"},"modified":"2026-03-18T09:19:32","modified_gmt":"2026-03-18T09:19:32","slug":"pantalon-husqvarna-replay","status":"publish","type":"product","link":"https:\/\/difrenos.com\/index.php\/producto\/pantalon-husqvarna-replay\/","title":{"rendered":"Pantal\u00f3n Husqvarna Replay"},"content":{"rendered":"<p>Referencias:<br \/>\n3HS210073702 Talla 32\/30<br \/>\n3HS210073703 Talla 33\/30<br \/>\n3HS210073704 Talla 30\/32<br \/>\n3HS210073705 Talla 31\/32<br \/>\n3HS210073706 Talla 32\/32<br \/>\n3HS210073707 Talla 33\/32<br \/>\n3HS210073708 Talla 34\/32<br \/>\n3HS210073714 Talla 36\/34<\/p>\n<ul>\n<li>Transpirabilidad, gracias a las fibras org\u00e1nicas y a la tecnolog\u00eda de capa \u00fanica<\/li>\n<li>Certificados de seguridad de nivel B, resistencia a la abrasi\u00f3n hasta los 45 km\/h<\/li>\n<li>Un confort incre\u00edble: hasta un 50% de elasticidad<\/li>\n<li>Ligereza: Aproximadamente un 50 % m\u00e1s ligeras que la mayor\u00eda de prendas denim de moto en el mercado<\/li>\n<li>Estilo actual<\/li>\n<li>Dise\u00f1o exclusivo de Replay para Husqvarna Motorcycles<\/li>\n<li>60 % algod\u00f3n \/ 30 % poliamida \/ 7 % poli\u00e9ster \/ 3 % elastano<\/li>\n<\/ul>\n","protected":false},"excerpt":{"rendered":"<p>Referencias: 3HS210073702 Talla 32\/30 3HS210073703 Talla 33\/30 3HS210073704 Talla 30\/32 3HS210073705 Talla 31\/32 3HS210073706 Talla 32\/32 3HS210073707 Talla 33\/32 3HS210073708 Talla 34\/32 3HS210073714 Talla 36\/34 Transpirabilidad, gracias a las fibras org\u00e1nicas y a la tecnolog\u00eda de capa \u00fanica Certificados de seguridad de nivel B, resistencia a la abrasi\u00f3n hasta los 45 km\/h Un confort incre\u00edble: [&hellip;]<\/p>\n","protected":false},"featured_media":9610,"template":"","meta":{"_et_pb_use_builder":"","_et_pb_old_content":"","_et_gb_content_width":""},"product_cat":[33,231,701,781,149],"product_tag":[41,48,108],"_links":{"self":[{"href":"https:\/\/difrenos.com\/index.php\/wp-json\/wp\/v2\/product\/9608"}],"collection":[{"href":"https:\/\/difrenos.com\/index.php\/wp-json\/wp\/v2\/product"}],"about":[{"href":"https:\/\/difrenos.com\/index.php\/wp-json\/wp\/v2\/types\/product"}],"wp:featuredmedia":[{"embeddable":true,"href":"https:\/\/difrenos.com\/index.php\/wp-json\/wp\/v2\/media\/9610"}],"wp:attachment":[{"href":"https:\/\/difrenos.com\/index.php\/wp-json\/wp\/v2\/media?parent=9608"}],"wp:term":[{"taxonomy":"product_cat","embeddable":true,"href":"https:\/\/difrenos.com\/index.php\/wp-json\/wp\/v2\/product_cat?post=9608"},{"taxonomy":"product_tag","embeddable":true,"href":"https:\/\/difrenos.com\/index.php\/wp-json\/wp\/v2\/product_tag?post=9608"}],"curies":[{"name":"wp","href":"https:\/\/api.w.org\/{rel}","templated":true}]}}