{"id":9590,"date":"2023-11-10T14:31:30","date_gmt":"2023-11-10T14:31:30","guid":{"rendered":"https:\/\/difrenos.com\/?post_type=product&#038;p=9590"},"modified":"2026-01-21T10:31:56","modified_gmt":"2026-01-21T10:31:56","slug":"trrs-trial-80cc-2024","status":"publish","type":"product","link":"https:\/\/difrenos.com\/index.php\/producto\/trrs-trial-80cc-2024\/","title":{"rendered":"TRRS ONE RR 80cc 2025"},"content":{"rendered":"<p>El nuevo modelo nace con el objetivo de cubrir el salto entre el modelo ON-E KIDS 20\u201d y la ONE 125cc. Un paso intermedio<br \/>\nmuy necesario para todos aquellos j\u00f3venes pilotos que anhelan iniciarse o mantener su progreso sobre una moto de<br \/>\ncombusti\u00f3n.<br \/>\nLa nueva TRRS ONE 80cc se ha dise\u00f1ado espec\u00edficamente para satisfacer las necesidades de los pilotos m\u00e1s j\u00f3venes de entre<br \/>\n8 a 16 a\u00f1os, buscando un conjunto ligero y manejable, capaz de afrontar las zonas m\u00e1s exigentes. Con este nuevo modelo<br \/>\nTRRS Motorcycles consolida su gama de motocicletas como la m\u00e1s extensa y completa dentro del sector del Trial.<br \/>\nSu nuevo propulsor de 80cc, es un motor concebido para la pr\u00e1ctica del trial; potente, moderno y de peso reducido, con<br \/>\nun escape optimizado para la pr\u00e1ctica de esta modalidad. Sin lugar a duda, es el modelo ideal para dar el salto de las<br \/>\nunidades el\u00e9ctricas a las de combusti\u00f3n.<br \/>\nChasis:<br \/>\n\u2022 Se ha dise\u00f1ado un chasis de aluminio m\u00e1s corto para el modelo 80cc y adaptado a las necesidades de los pilotos<br \/>\nm\u00e1s j\u00f3venes.<br \/>\nTransmisi\u00f3n:<br \/>\n\u2022 Plato de 60z y pi\u00f1\u00f3n de 9z per reducir la velocidad y aumentar el par del conjunto.<\/p>\n<p>Protector de c\u00e1rter:<br \/>\n\u2022 Placa de protecci\u00f3n para el nuevo motor 80cc.<br \/>\n\u2022 Protecci\u00f3n de goma para reducir los impactos y vibraciones.<\/p>\n<p><img class=\"img-fluid\" src=\"https:\/\/trsmotorcycles.com\/archivos\/adjuntos\/fa5774_80cc24.png\" alt=\"TRRS ONE 80CC 2024\" \/><\/p>\n","protected":false},"excerpt":{"rendered":"<p>PODEMOS COGER MOTO A CAMBIO<\/p>\n","protected":false},"featured_media":10903,"template":"","meta":{"_et_pb_use_builder":"","_et_pb_old_content":"","_et_gb_content_width":""},"product_cat":[266,207],"product_tag":[],"_links":{"self":[{"href":"https:\/\/difrenos.com\/index.php\/wp-json\/wp\/v2\/product\/9590"}],"collection":[{"href":"https:\/\/difrenos.com\/index.php\/wp-json\/wp\/v2\/product"}],"about":[{"href":"https:\/\/difrenos.com\/index.php\/wp-json\/wp\/v2\/types\/product"}],"wp:featuredmedia":[{"embeddable":true,"href":"https:\/\/difrenos.com\/index.php\/wp-json\/wp\/v2\/media\/10903"}],"wp:attachment":[{"href":"https:\/\/difrenos.com\/index.php\/wp-json\/wp\/v2\/media?parent=9590"}],"wp:term":[{"taxonomy":"product_cat","embeddable":true,"href":"https:\/\/difrenos.com\/index.php\/wp-json\/wp\/v2\/product_cat?post=9590"},{"taxonomy":"product_tag","embeddable":true,"href":"https:\/\/difrenos.com\/index.php\/wp-json\/wp\/v2\/product_tag?post=9590"}],"curies":[{"name":"wp","href":"https:\/\/api.w.org\/{rel}","templated":true}]}}