{"id":9440,"date":"2023-10-17T10:31:22","date_gmt":"2023-10-17T10:31:22","guid":{"rendered":"https:\/\/difrenos.com\/?post_type=product&#038;p=9440"},"modified":"2023-10-17T10:31:22","modified_gmt":"2023-10-17T10:31:22","slug":"placa-sobrecarga-aluminio-5050cm","status":"publish","type":"product","link":"https:\/\/difrenos.com\/index.php\/producto\/placa-sobrecarga-aluminio-5050cm\/","title":{"rendered":"Placa sobrecarga aluminio 50*50cm"},"content":{"rendered":"<div>Placa portabicis de aluminio para se\u00f1alizar carga sobresaliente<\/div>\n<div>\nCaracter\u00edsticas T\u00e9cnicas:<\/div>\n<div>\n&#8211; Dimensiones 500&#215;500 mm<\/div>\n<div>&#8211; Fabricada en aluminio<\/div>\n","protected":false},"excerpt":{"rendered":"<p>Placa portabicis de aluminio para se\u00f1alizar carga sobresaliente Caracter\u00edsticas T\u00e9cnicas: &#8211; Dimensiones 500&#215;500 mm &#8211; Fabricada en aluminio<\/p>\n","protected":false},"featured_media":9441,"template":"","meta":{"_et_pb_use_builder":"","_et_pb_old_content":"","_et_gb_content_width":""},"product_cat":[174],"product_tag":[],"_links":{"self":[{"href":"https:\/\/difrenos.com\/index.php\/wp-json\/wp\/v2\/product\/9440"}],"collection":[{"href":"https:\/\/difrenos.com\/index.php\/wp-json\/wp\/v2\/product"}],"about":[{"href":"https:\/\/difrenos.com\/index.php\/wp-json\/wp\/v2\/types\/product"}],"wp:featuredmedia":[{"embeddable":true,"href":"https:\/\/difrenos.com\/index.php\/wp-json\/wp\/v2\/media\/9441"}],"wp:attachment":[{"href":"https:\/\/difrenos.com\/index.php\/wp-json\/wp\/v2\/media?parent=9440"}],"wp:term":[{"taxonomy":"product_cat","embeddable":true,"href":"https:\/\/difrenos.com\/index.php\/wp-json\/wp\/v2\/product_cat?post=9440"},{"taxonomy":"product_tag","embeddable":true,"href":"https:\/\/difrenos.com\/index.php\/wp-json\/wp\/v2\/product_tag?post=9440"}],"curies":[{"name":"wp","href":"https:\/\/api.w.org\/{rel}","templated":true}]}}