{"id":9435,"date":"2023-10-16T08:59:57","date_gmt":"2023-10-16T08:59:57","guid":{"rendered":"https:\/\/difrenos.com\/?post_type=product&#038;p=9435"},"modified":"2025-09-23T11:36:47","modified_gmt":"2025-09-23T11:36:47","slug":"gafas-100-accuri-2-otg","status":"publish","type":"product","link":"https:\/\/difrenos.com\/index.php\/producto\/gafas-100-accuri-2-otg\/","title":{"rendered":"Gafas 100% Accuri 2 OTG"},"content":{"rendered":"<p>Referencia: 5001800003<\/p>\n<p><strong>CARACTER\u00cdSTICAS T\u00c9CNICAS<br \/>\n<\/strong>\u2022 Campo de visi\u00f3n ampliado para un ajuste f\u00e1cil y r\u00e1pido incluso con gafas de ver con montura grande<br \/>\n\u2022\u00a0Foam en la zona de la sien para un ajuste m\u00e1s seguro<br \/>\n\u2022 La espuma del puente de la nariz ensanchada mejora el ajuste y reduce el empa\u00f1amiento<br \/>\n\u2022\u00a0Montaje y sellado mejorados con un mayor campo de visi\u00f3n<br \/>\n\u2022\u00a0Espuma de triple capa para la absorci\u00f3n del sudor<br \/>\n\u2022 Cinta de ajuste de 45mm con silicona antideslizante en su cara interior<br \/>\n\u2022\u00a0Lente de policarbonato con revestimiento antivaho para una visi\u00f3n clara<br \/>\n\u2022\u00a0Las gafas OTG utilizan la misma lente que los modelos Racecraft 2 \/ Accuri 2 \/ Strata 2<\/p>\n","protected":false},"excerpt":{"rendered":"<p>Referencia: 5001800003 CARACTER\u00cdSTICAS T\u00c9CNICAS \u2022 Campo de visi\u00f3n ampliado para un ajuste f\u00e1cil y r\u00e1pido incluso con gafas de ver con montura grande \u2022\u00a0Foam en la zona de la sien para un ajuste m\u00e1s seguro \u2022 La espuma del puente de la nariz ensanchada mejora el ajuste y reduce el empa\u00f1amiento \u2022\u00a0Montaje y sellado mejorados [&hellip;]<\/p>\n","protected":false},"featured_media":9436,"template":"","meta":{"_et_pb_use_builder":"","_et_pb_old_content":"","_et_gb_content_width":""},"product_cat":[215,33,257],"product_tag":[665,414,690],"_links":{"self":[{"href":"https:\/\/difrenos.com\/index.php\/wp-json\/wp\/v2\/product\/9435"}],"collection":[{"href":"https:\/\/difrenos.com\/index.php\/wp-json\/wp\/v2\/product"}],"about":[{"href":"https:\/\/difrenos.com\/index.php\/wp-json\/wp\/v2\/types\/product"}],"wp:featuredmedia":[{"embeddable":true,"href":"https:\/\/difrenos.com\/index.php\/wp-json\/wp\/v2\/media\/9436"}],"wp:attachment":[{"href":"https:\/\/difrenos.com\/index.php\/wp-json\/wp\/v2\/media?parent=9435"}],"wp:term":[{"taxonomy":"product_cat","embeddable":true,"href":"https:\/\/difrenos.com\/index.php\/wp-json\/wp\/v2\/product_cat?post=9435"},{"taxonomy":"product_tag","embeddable":true,"href":"https:\/\/difrenos.com\/index.php\/wp-json\/wp\/v2\/product_tag?post=9435"}],"curies":[{"name":"wp","href":"https:\/\/api.w.org\/{rel}","templated":true}]}}