{"id":9426,"date":"2023-10-10T10:23:24","date_gmt":"2023-10-10T10:23:24","guid":{"rendered":"https:\/\/difrenos.com\/?post_type=product&#038;p=9426"},"modified":"2025-10-21T12:17:22","modified_gmt":"2025-10-21T12:17:22","slug":"casco-husqvarna-authentic-2023","status":"publish","type":"product","link":"https:\/\/difrenos.com\/index.php\/producto\/casco-husqvarna-authentic-2023\/","title":{"rendered":"Casco Husqvarna Authentic"},"content":{"rendered":"<p>Referencia: 3HS230008704 Talla L<\/p>\n<ul>\n<li>Casco offroad ligero y vers\u00e1til<\/li>\n<li>Acolchado para las mejillas con forro interior extra\u00edble, lavable e hidr\u00f3fugo<\/li>\n<li>Calota interior de EPS de densidad dual<\/li>\n<li>Leng\u00fcetas de emergencia (acolchado extra\u00edble en mejillas)<\/li>\n<li>Perfil del casco optimizado especialmente para usar con Neck-Brace<\/li>\n<li>Peso 1.250 g (\u00b1 50 g)100 % fibra de vidrio<\/li>\n<\/ul>\n","protected":false},"excerpt":{"rendered":"<p>Referencia: 3HS230008704 Talla L Casco offroad ligero y vers\u00e1til Acolchado para las mejillas con forro interior extra\u00edble, lavable e hidr\u00f3fugo Calota interior de EPS de densidad dual Leng\u00fcetas de emergencia (acolchado extra\u00edble en mejillas) Perfil del casco optimizado especialmente para usar con Neck-Brace Peso 1.250 g (\u00b1 50 g)100 % fibra de vidrio<\/p>\n","protected":false},"featured_media":9429,"template":"","meta":{"_et_pb_use_builder":"","_et_pb_old_content":"","_et_gb_content_width":""},"product_cat":[33,43,721,71,701],"product_tag":[344,108],"_links":{"self":[{"href":"https:\/\/difrenos.com\/index.php\/wp-json\/wp\/v2\/product\/9426"}],"collection":[{"href":"https:\/\/difrenos.com\/index.php\/wp-json\/wp\/v2\/product"}],"about":[{"href":"https:\/\/difrenos.com\/index.php\/wp-json\/wp\/v2\/types\/product"}],"wp:featuredmedia":[{"embeddable":true,"href":"https:\/\/difrenos.com\/index.php\/wp-json\/wp\/v2\/media\/9429"}],"wp:attachment":[{"href":"https:\/\/difrenos.com\/index.php\/wp-json\/wp\/v2\/media?parent=9426"}],"wp:term":[{"taxonomy":"product_cat","embeddable":true,"href":"https:\/\/difrenos.com\/index.php\/wp-json\/wp\/v2\/product_cat?post=9426"},{"taxonomy":"product_tag","embeddable":true,"href":"https:\/\/difrenos.com\/index.php\/wp-json\/wp\/v2\/product_tag?post=9426"}],"curies":[{"name":"wp","href":"https:\/\/api.w.org\/{rel}","templated":true}]}}