{"id":9278,"date":"2023-09-22T13:06:57","date_gmt":"2023-09-22T13:06:57","guid":{"rendered":"https:\/\/difrenos.com\/?post_type=product&#038;p=9278"},"modified":"2026-02-10T20:40:34","modified_gmt":"2026-02-10T20:40:34","slug":"peto-leatt-5-5","status":"publish","type":"product","link":"https:\/\/difrenos.com\/index.php\/producto\/peto-leatt-5-5\/","title":{"rendered":"Peto Leatt 5.5"},"content":{"rendered":"<p>Referencia: 5015400112 Talla XXL<\/p>\n<ul class=\"squareUl\">\n<li type=\"\">El protector de espalda est\u00e1 homologado CE EN 1621-2, nivel 2.<\/li>\n<li type=\"\">El protector de pecho est\u00e1 homologado CE EN 1621-3, nivel 2.<\/li>\n<li type=\"\">Los protectores de hombros y codos est\u00e1n homologados CE EN 1621-1.<\/li>\n<li type=\"\">Protectores laterales.<\/li>\n<li type=\"\">Coderas extra\u00edbles mediante cremallera.<\/li>\n<li type=\"\">Todas las protecciones est\u00e1n cosidas sobre un foam 3DF asegurando m\u00e1xima movilidad y protecci\u00f3n.<\/li>\n<li type=\"\">La camiseta est\u00e1 confeccionada con tejido MoistureCool, que ofrece una \u00f3ptima transpiraci\u00f3n, sin renunciar a un tacto agradable y a una buena durabilidad.<\/li>\n<li type=\"\">Incorpora el sistema FlipFit que modifica las zonas de apoyo de pecho y espalda, para poder llevar el collar\u00edn tanto por dentro como por fuera del peto, con un simple clic.<\/li>\n<li type=\"\">Faja extra\u00edble o regulable en altura, para una mejor adaptaci\u00f3n al piloto.<\/li>\n<\/ul>\n","protected":false},"excerpt":{"rendered":"<p>Talla XXL<\/p>\n","protected":false},"featured_media":9279,"template":"","meta":{"_et_pb_use_builder":"","_et_pb_old_content":"","_et_gb_content_width":""},"product_cat":[33,278,166],"product_tag":[666,309],"_links":{"self":[{"href":"https:\/\/difrenos.com\/index.php\/wp-json\/wp\/v2\/product\/9278"}],"collection":[{"href":"https:\/\/difrenos.com\/index.php\/wp-json\/wp\/v2\/product"}],"about":[{"href":"https:\/\/difrenos.com\/index.php\/wp-json\/wp\/v2\/types\/product"}],"wp:featuredmedia":[{"embeddable":true,"href":"https:\/\/difrenos.com\/index.php\/wp-json\/wp\/v2\/media\/9279"}],"wp:attachment":[{"href":"https:\/\/difrenos.com\/index.php\/wp-json\/wp\/v2\/media?parent=9278"}],"wp:term":[{"taxonomy":"product_cat","embeddable":true,"href":"https:\/\/difrenos.com\/index.php\/wp-json\/wp\/v2\/product_cat?post=9278"},{"taxonomy":"product_tag","embeddable":true,"href":"https:\/\/difrenos.com\/index.php\/wp-json\/wp\/v2\/product_tag?post=9278"}],"curies":[{"name":"wp","href":"https:\/\/api.w.org\/{rel}","templated":true}]}}