{"id":9272,"date":"2023-09-22T12:35:03","date_gmt":"2023-09-22T12:35:03","guid":{"rendered":"https:\/\/difrenos.com\/?post_type=product&#038;p=9272"},"modified":"2026-02-16T12:03:47","modified_gmt":"2026-02-16T12:03:47","slug":"guantes-leatt-1-5","status":"publish","type":"product","link":"https:\/\/difrenos.com\/index.php\/producto\/guantes-leatt-1-5\/","title":{"rendered":"Guantes Leatt 1.5 Grip R"},"content":{"rendered":"<p>Referencias:<br \/>\n6022050601 Talla M<br \/>\n6022050602 Talla L<br \/>\n6022050604 Talla XXL<\/p>\n<ul>\n<li>Costuras con los dedos FormFit para dar el mejor agarre y sensaci\u00f3n<\/li>\n<li>Construcci\u00f3n ultraligera<\/li>\n<li>Palma MicronGrip<\/li>\n<li>S\u00faper delgado con una sensaci\u00f3n de manillar superior<\/li>\n<li>Excelente agarre en seco y mojado<\/li>\n<li>Muy duradero con funci\u00f3n de pantalla t\u00e1ctil<\/li>\n<li>Nuevo hilo Stretch Stitch para la resistencia de la costura<\/li>\n<li>Pre-curvado, ajuste ajustado y palma sin costuras<\/li>\n<li>Material de la parte superior ventilado y Lite<\/li>\n<li>Costura t\u00e9cnica de rosca de varias filas para mayor durabilidad<\/li>\n<li>Pu\u00f1o el\u00e1stico sin cierre<\/li>\n<\/ul>\n","protected":false},"excerpt":{"rendered":"<p>Referencias: 6022050601 Talla M 6022050602 Talla L 6022050604 Talla XXL Costuras con los dedos FormFit para dar el mejor agarre y sensaci\u00f3n Construcci\u00f3n ultraligera Palma MicronGrip S\u00faper delgado con una sensaci\u00f3n de manillar superior Excelente agarre en seco y mojado Muy duradero con funci\u00f3n de pantalla t\u00e1ctil Nuevo hilo Stretch Stitch para la resistencia de [&hellip;]<\/p>\n","protected":false},"featured_media":9273,"template":"","meta":{"_et_pb_use_builder":"","_et_pb_old_content":"","_et_gb_content_width":""},"product_cat":[33,255,100],"product_tag":[666,407],"_links":{"self":[{"href":"https:\/\/difrenos.com\/index.php\/wp-json\/wp\/v2\/product\/9272"}],"collection":[{"href":"https:\/\/difrenos.com\/index.php\/wp-json\/wp\/v2\/product"}],"about":[{"href":"https:\/\/difrenos.com\/index.php\/wp-json\/wp\/v2\/types\/product"}],"wp:featuredmedia":[{"embeddable":true,"href":"https:\/\/difrenos.com\/index.php\/wp-json\/wp\/v2\/media\/9273"}],"wp:attachment":[{"href":"https:\/\/difrenos.com\/index.php\/wp-json\/wp\/v2\/media?parent=9272"}],"wp:term":[{"taxonomy":"product_cat","embeddable":true,"href":"https:\/\/difrenos.com\/index.php\/wp-json\/wp\/v2\/product_cat?post=9272"},{"taxonomy":"product_tag","embeddable":true,"href":"https:\/\/difrenos.com\/index.php\/wp-json\/wp\/v2\/product_tag?post=9272"}],"curies":[{"name":"wp","href":"https:\/\/api.w.org\/{rel}","templated":true}]}}