{"id":9205,"date":"2023-09-19T08:05:31","date_gmt":"2023-09-19T08:05:31","guid":{"rendered":"https:\/\/difrenos.com\/?post_type=product&#038;p=9205"},"modified":"2025-10-22T12:44:11","modified_gmt":"2025-10-22T12:44:11","slug":"chaqueta-acerbis-st-john","status":"publish","type":"product","link":"https:\/\/difrenos.com\/index.php\/producto\/chaqueta-acerbis-st-john\/","title":{"rendered":"Chaqueta Acerbis St John"},"content":{"rendered":"<p>Referencias:<br \/>\n0015965110062 Talla S<br \/>\n0015965110068 Talla XL<\/p>\n<ul>\n<li>Chaqueta fabricada en Nylon y Polyester Poliamida, para carretera\/ciudad\/trail<\/li>\n<li>Forro t\u00e9rmico desmontable.<\/li>\n<li>Ajustes en cintura, brazos y pu\u00f1os.<\/li>\n<li>Cremalleras de ventilaci\u00f3n\u00a0para su uso en\u00a0primavera.<\/li>\n<li>Impermeable 100 %.<\/li>\n<li>Protecciones\u00a0en hombros y codos.<\/li>\n<li>Refuerzo EVA en espalda.<\/li>\n<\/ul>\n","protected":false},"excerpt":{"rendered":"<p>Referencias: 0015965110062 Talla S 0015965110068 Talla XL Chaqueta fabricada en Nylon y Polyester Poliamida, para carretera\/ciudad\/trail Forro t\u00e9rmico desmontable. Ajustes en cintura, brazos y pu\u00f1os. Cremalleras de ventilaci\u00f3n\u00a0para su uso en\u00a0primavera. Impermeable 100 %. Protecciones\u00a0en hombros y codos. Refuerzo EVA en espalda.<\/p>\n","protected":false},"featured_media":23115,"template":"","meta":{"_et_pb_use_builder":"","_et_pb_old_content":"","_et_gb_content_width":""},"product_cat":[33,232,51],"product_tag":[26,41,392],"_links":{"self":[{"href":"https:\/\/difrenos.com\/index.php\/wp-json\/wp\/v2\/product\/9205"}],"collection":[{"href":"https:\/\/difrenos.com\/index.php\/wp-json\/wp\/v2\/product"}],"about":[{"href":"https:\/\/difrenos.com\/index.php\/wp-json\/wp\/v2\/types\/product"}],"wp:featuredmedia":[{"embeddable":true,"href":"https:\/\/difrenos.com\/index.php\/wp-json\/wp\/v2\/media\/23115"}],"wp:attachment":[{"href":"https:\/\/difrenos.com\/index.php\/wp-json\/wp\/v2\/media?parent=9205"}],"wp:term":[{"taxonomy":"product_cat","embeddable":true,"href":"https:\/\/difrenos.com\/index.php\/wp-json\/wp\/v2\/product_cat?post=9205"},{"taxonomy":"product_tag","embeddable":true,"href":"https:\/\/difrenos.com\/index.php\/wp-json\/wp\/v2\/product_tag?post=9205"}],"curies":[{"name":"wp","href":"https:\/\/api.w.org\/{rel}","templated":true}]}}