{"id":9174,"date":"2023-09-18T12:09:11","date_gmt":"2023-09-18T12:09:11","guid":{"rendered":"https:\/\/difrenos.com\/?post_type=product&#038;p=9174"},"modified":"2026-04-09T08:18:54","modified_gmt":"2026-04-09T08:18:54","slug":"pantalon-hebo-tech-montesa-team","status":"publish","type":"product","link":"https:\/\/difrenos.com\/index.php\/producto\/pantalon-hebo-tech-montesa-team\/","title":{"rendered":"Pantal\u00f3n Hebo Tech Montesa Team"},"content":{"rendered":"<p>Referencia: HE3168LT Talla L<\/p>\n<p>El Pantal\u00f3n Tech Montesa team ha sido desarrollado para conseguir un gran confort encima de la moto. Cuenta con poli\u00e9ster de gran durabilidad y tambi\u00e9n incorpora un tejido el\u00e1stico en los gemelos, que permite reducir el material dentro de las botas. El forro interior es suave, el\u00e1stico, ligero, flexible y transpirable, para mantener en todo momento la humedad bajo control. En el interior de la cintura incorpora una banda de silicona que evita movimientos indeseados y mantiene el pantal\u00f3n en su lugar en cualquier condici\u00f3n. Tambi\u00e9n cuenta con ajustes de velcro para mayor seguridad y con 2 bolsillos impermeables.<\/p>\n","protected":false},"excerpt":{"rendered":"<p>Talla L.<\/p>\n","protected":false},"featured_media":9175,"template":"","meta":{"_et_pb_use_builder":"","_et_pb_old_content":"","_et_gb_content_width":""},"product_cat":[33,149,202],"product_tag":[105,345,645,302],"_links":{"self":[{"href":"https:\/\/difrenos.com\/index.php\/wp-json\/wp\/v2\/product\/9174"}],"collection":[{"href":"https:\/\/difrenos.com\/index.php\/wp-json\/wp\/v2\/product"}],"about":[{"href":"https:\/\/difrenos.com\/index.php\/wp-json\/wp\/v2\/types\/product"}],"wp:featuredmedia":[{"embeddable":true,"href":"https:\/\/difrenos.com\/index.php\/wp-json\/wp\/v2\/media\/9175"}],"wp:attachment":[{"href":"https:\/\/difrenos.com\/index.php\/wp-json\/wp\/v2\/media?parent=9174"}],"wp:term":[{"taxonomy":"product_cat","embeddable":true,"href":"https:\/\/difrenos.com\/index.php\/wp-json\/wp\/v2\/product_cat?post=9174"},{"taxonomy":"product_tag","embeddable":true,"href":"https:\/\/difrenos.com\/index.php\/wp-json\/wp\/v2\/product_tag?post=9174"}],"curies":[{"name":"wp","href":"https:\/\/api.w.org\/{rel}","templated":true}]}}