{"id":9150,"date":"2023-09-15T14:42:55","date_gmt":"2023-09-15T14:42:55","guid":{"rendered":"https:\/\/difrenos.com\/?post_type=product&#038;p=9150"},"modified":"2026-02-25T12:11:30","modified_gmt":"2026-02-25T12:11:30","slug":"guantes-hebo-team","status":"publish","type":"product","link":"https:\/\/difrenos.com\/index.php\/producto\/guantes-hebo-team\/","title":{"rendered":"Guantes Hebo Trial Team"},"content":{"rendered":"<p>Referencia: HE1162XXLR Talla XXL<\/p>\n<p>Guantes desarrollados para un perfecto rendimiento en el Trial. Destacan por su ultra secado r\u00e1pido y \u00f3ptimo funcionamiento para las pantallas t\u00e1ctiles.<\/p>\n<p>63% Nylon, 30% Poli\u00e9ster, 7% Poliuretano.<\/p>\n","protected":false},"excerpt":{"rendered":"<p>Talla XXL<\/p>\n","protected":false},"featured_media":9148,"template":"","meta":{"_et_pb_use_builder":"","_et_pb_old_content":"","_et_gb_content_width":""},"product_cat":[33,100,711,204],"product_tag":[105,302],"_links":{"self":[{"href":"https:\/\/difrenos.com\/index.php\/wp-json\/wp\/v2\/product\/9150"}],"collection":[{"href":"https:\/\/difrenos.com\/index.php\/wp-json\/wp\/v2\/product"}],"about":[{"href":"https:\/\/difrenos.com\/index.php\/wp-json\/wp\/v2\/types\/product"}],"wp:featuredmedia":[{"embeddable":true,"href":"https:\/\/difrenos.com\/index.php\/wp-json\/wp\/v2\/media\/9148"}],"wp:attachment":[{"href":"https:\/\/difrenos.com\/index.php\/wp-json\/wp\/v2\/media?parent=9150"}],"wp:term":[{"taxonomy":"product_cat","embeddable":true,"href":"https:\/\/difrenos.com\/index.php\/wp-json\/wp\/v2\/product_cat?post=9150"},{"taxonomy":"product_tag","embeddable":true,"href":"https:\/\/difrenos.com\/index.php\/wp-json\/wp\/v2\/product_tag?post=9150"}],"curies":[{"name":"wp","href":"https:\/\/api.w.org\/{rel}","templated":true}]}}