{"id":9093,"date":"2023-09-13T10:05:06","date_gmt":"2023-09-13T10:05:06","guid":{"rendered":"https:\/\/difrenos.com\/?post_type=product&#038;p=9093"},"modified":"2026-01-12T12:22:22","modified_gmt":"2026-01-12T12:22:22","slug":"beta-rr-enduro-50-racing-2025","status":"publish","type":"product","link":"https:\/\/difrenos.com\/index.php\/producto\/beta-rr-enduro-50-racing-2025\/","title":{"rendered":"Beta RR Enduro 50 Racing 2025"},"content":{"rendered":"<div class=\"g-cols wpb_row type_default valign_top vc_inner\">\n<div class=\"vc_col-sm-12 wpb_column vc_column_container\">\n<div class=\"vc_column-inner\">\n<div class=\"wpb_wrapper\">\n<div class=\"wpb_text_column\">\n<div class=\"wpb_wrapper\">\n<h4><strong>\u2018RR\u2019evoluci\u00f3n en 50 cc\u00a0<\/strong><\/h4>\n<\/div>\n<\/div>\n<\/div>\n<\/div>\n<\/div>\n<\/div>\n<div class=\"w-separator size_small\"><\/div>\n<div class=\"wpb_text_column\">\n<div class=\"wpb_wrapper\">\n<p><strong>RR Enduro 50 Racing 2024<\/strong><\/p>\n<p>Es la versi\u00f3n m\u00e1s alta de los modelos dedicados 100% a la pr\u00e1ctica del Enduro y, por consiguiente, deriva directamente de sus hermanas mayores que compiten con \u00e9xito en el\u00a0<strong>Campeonato del Mundo de Enduro<\/strong>; tanto a nivel t\u00e9cnico como est\u00e9tico.<\/p>\n<p>Las caracter\u00edsticas que la convierten de facto en la verdadera referencia de la categor\u00eda son:<\/p>\n<p>\u2212 Basculante de aluminio.<\/p>\n<p>\u2212 Horquilla invertida regulable \u00f8 41 mm.<\/p>\n<p>\u2212 Manillar conificado de \u00f8 28,5 mm sin barra de refuerzo.<\/p>\n<p>\u2212 Silenciador de aluminio anodizado en rojo.<\/p>\n<p>\u2212 Suspensi\u00f3n trasera con varillaje progresivo.<\/p>\n<p>\u2212 Amortiguador trasero con tanque de gas separado, regulable en precarga, compresi\u00f3n y retorno.<\/p>\n<p>\u2212 Sin contraeje para vibraciones: menor inercia y prestaciones mayores.<\/p>\n<p>\u2212 Doble radiador.<\/p>\n<p>\u2212 Llantas de aleaci\u00f3n de aluminio.<\/p>\n<p>\u2212 Sin mezclador como las motos de carreras.<\/p>\n<p>\u2212 Chasis rojo.<\/p>\n<p>\u2212 Pinza del freno delantero de doble pist\u00f3n.<\/p>\n<p>\u2212 Palanca de cambio y pedal de freno negros.<\/p>\n<p>\u2212 Corona de aluminio.<\/p>\n<p>Disponible en una opci\u00f3n de color:\u00a0<strong>rojo<\/strong>.<\/p>\n<\/div>\n<\/div>\n","protected":false},"excerpt":{"rendered":"<p>PODEMOS COGER MOTO A CAMBIO<\/p>\n<p>CUALQUIER OTRA VERSION INFORMATE SOBRE DISPONIBILIAD ACTUAL<\/p>\n","protected":false},"featured_media":9240,"template":"","meta":{"_et_pb_use_builder":"","_et_pb_old_content":"","_et_gb_content_width":""},"product_cat":[219,252,129],"product_tag":[654],"_links":{"self":[{"href":"https:\/\/difrenos.com\/index.php\/wp-json\/wp\/v2\/product\/9093"}],"collection":[{"href":"https:\/\/difrenos.com\/index.php\/wp-json\/wp\/v2\/product"}],"about":[{"href":"https:\/\/difrenos.com\/index.php\/wp-json\/wp\/v2\/types\/product"}],"wp:featuredmedia":[{"embeddable":true,"href":"https:\/\/difrenos.com\/index.php\/wp-json\/wp\/v2\/media\/9240"}],"wp:attachment":[{"href":"https:\/\/difrenos.com\/index.php\/wp-json\/wp\/v2\/media?parent=9093"}],"wp:term":[{"taxonomy":"product_cat","embeddable":true,"href":"https:\/\/difrenos.com\/index.php\/wp-json\/wp\/v2\/product_cat?post=9093"},{"taxonomy":"product_tag","embeddable":true,"href":"https:\/\/difrenos.com\/index.php\/wp-json\/wp\/v2\/product_tag?post=9093"}],"curies":[{"name":"wp","href":"https:\/\/api.w.org\/{rel}","templated":true}]}}