{"id":8649,"date":"2023-07-18T17:19:25","date_gmt":"2023-07-18T17:19:25","guid":{"rendered":"https:\/\/difrenos.com\/?post_type=product&#038;p=8649"},"modified":"2026-02-11T13:58:56","modified_gmt":"2026-02-11T13:58:56","slug":"camiseta-ktm-factory-team","status":"publish","type":"product","link":"https:\/\/difrenos.com\/index.php\/producto\/camiseta-ktm-factory-team\/","title":{"rendered":"Maillot Ktm Factory Team"},"content":{"rendered":"<p>Referencias:<br \/>\n659106060 Talla L<br \/>\n659106062 Talla XL<br \/>\n659106064 Talla XXL<br \/>\n659106066 Talla XXXL<\/p>\n<ul>\n<li>Mallot de manga larga tejido el\u00e1stico, winter<\/li>\n<li>Cremallera entera<\/li>\n<li>Pu\u00f1os el\u00e1sticos<\/li>\n<li>M\u00faltiples bolsillos en la parte trasera<\/li>\n<\/ul>\n","protected":false},"excerpt":{"rendered":"<p>Referencias: 659106060 Talla L 659106062 Talla XL 659106064 Talla XXL 659106066 Talla XXXL Mallot de manga larga tejido el\u00e1stico, winter Cremallera entera Pu\u00f1os el\u00e1sticos M\u00faltiples bolsillos en la parte trasera<\/p>\n","protected":false},"featured_media":8650,"template":"","meta":{"_et_pb_use_builder":"","_et_pb_old_content":"","_et_gb_content_width":""},"product_cat":[220,33,225,239],"product_tag":[315,120],"_links":{"self":[{"href":"https:\/\/difrenos.com\/index.php\/wp-json\/wp\/v2\/product\/8649"}],"collection":[{"href":"https:\/\/difrenos.com\/index.php\/wp-json\/wp\/v2\/product"}],"about":[{"href":"https:\/\/difrenos.com\/index.php\/wp-json\/wp\/v2\/types\/product"}],"wp:featuredmedia":[{"embeddable":true,"href":"https:\/\/difrenos.com\/index.php\/wp-json\/wp\/v2\/media\/8650"}],"wp:attachment":[{"href":"https:\/\/difrenos.com\/index.php\/wp-json\/wp\/v2\/media?parent=8649"}],"wp:term":[{"taxonomy":"product_cat","embeddable":true,"href":"https:\/\/difrenos.com\/index.php\/wp-json\/wp\/v2\/product_cat?post=8649"},{"taxonomy":"product_tag","embeddable":true,"href":"https:\/\/difrenos.com\/index.php\/wp-json\/wp\/v2\/product_tag?post=8649"}],"curies":[{"name":"wp","href":"https:\/\/api.w.org\/{rel}","templated":true}]}}