{"id":8535,"date":"2023-07-04T08:43:36","date_gmt":"2023-07-04T08:43:36","guid":{"rendered":"https:\/\/difrenos.com\/?post_type=product&#038;p=8535"},"modified":"2025-12-02T09:46:22","modified_gmt":"2025-12-02T09:46:22","slug":"peto-hebo-defender-pro-belt","status":"publish","type":"product","link":"https:\/\/difrenos.com\/index.php\/producto\/peto-hebo-defender-pro-belt\/","title":{"rendered":"Peto Hebo Defender Pro Belt H"},"content":{"rendered":"<p>Referencias:<br \/>\nHE6351XSS Talla XS\/S<br \/>\nHE6351XLXXL Talla XL\/XXL.<\/p>\n<p>Peto protector integral, ergon\u00f3mico, flexible y ajustado con protecciones desmontables certificadas.<\/p>\n<p>El peto Defender Pro Jacket H te ofrece una protecci\u00f3n muy \u00f3ptima e integral del torso. Est\u00e1 construida con un tejido de rejilla el\u00e1stica en las 4 direcciones, muy resistente pero c\u00f3moda, transpirable y de secado r\u00e1pido. Sus Propiedades compresivas hacen que la chaqueta se mantenga siempre en su sitio, ayudada por la Cinta antideslizante con inserci\u00f3n de silicona en la cintura. Apertura lateral mediante cremallera YKK con tirador para una f\u00e1cil entrada y salida. El cuello y los pu\u00f1os son de licra ajustada. Protecciones completamente desmontables para su uso por separado, permitiendo diferentes opciones de uso, as\u00ed como facilitar el lavado de la chaqueta. Ideal para su uso en cualquier disciplina del Off-Road, ya que no resta movilidad, su peso es reducido y todas sus Protecciones (pecho, espalda y hombros) est\u00e1n homologadas por la normativa CE EN 1621.<\/p>\n","protected":false},"excerpt":{"rendered":"<p>Referencias: HE6351XSS Talla XS\/S HE6351XLXXL Talla XL\/XXL. Peto protector integral, ergon\u00f3mico, flexible y ajustado con protecciones desmontables certificadas. El peto Defender Pro Jacket H te ofrece una protecci\u00f3n muy \u00f3ptima e integral del torso. Est\u00e1 construida con un tejido de rejilla el\u00e1stica en las 4 direcciones, muy resistente pero c\u00f3moda, transpirable y de secado r\u00e1pido. [&hellip;]<\/p>\n","protected":false},"featured_media":8536,"template":"","meta":{"_et_pb_use_builder":"","_et_pb_old_content":"","_et_gb_content_width":""},"product_cat":[33,711,278,166],"product_tag":[105,612,309],"_links":{"self":[{"href":"https:\/\/difrenos.com\/index.php\/wp-json\/wp\/v2\/product\/8535"}],"collection":[{"href":"https:\/\/difrenos.com\/index.php\/wp-json\/wp\/v2\/product"}],"about":[{"href":"https:\/\/difrenos.com\/index.php\/wp-json\/wp\/v2\/types\/product"}],"wp:featuredmedia":[{"embeddable":true,"href":"https:\/\/difrenos.com\/index.php\/wp-json\/wp\/v2\/media\/8536"}],"wp:attachment":[{"href":"https:\/\/difrenos.com\/index.php\/wp-json\/wp\/v2\/media?parent=8535"}],"wp:term":[{"taxonomy":"product_cat","embeddable":true,"href":"https:\/\/difrenos.com\/index.php\/wp-json\/wp\/v2\/product_cat?post=8535"},{"taxonomy":"product_tag","embeddable":true,"href":"https:\/\/difrenos.com\/index.php\/wp-json\/wp\/v2\/product_tag?post=8535"}],"curies":[{"name":"wp","href":"https:\/\/api.w.org\/{rel}","templated":true}]}}