{"id":8427,"date":"2023-06-28T10:44:53","date_gmt":"2023-06-28T10:44:53","guid":{"rendered":"https:\/\/difrenos.com\/?post_type=product&#038;p=8427"},"modified":"2025-10-28T19:49:20","modified_gmt":"2025-10-28T19:49:20","slug":"guantes-acerbis-supermotard-polizia","status":"publish","type":"product","link":"https:\/\/difrenos.com\/index.php\/producto\/guantes-acerbis-supermotard-polizia\/","title":{"rendered":"Guantes Acerbis Supermotard Polizia"},"content":{"rendered":"<p>Referencias:<br \/>\n009184.090.066 Talla L<br \/>\n009184.090.068 Talla XL<\/p>\n<ul>\n<li>Guantes para enduro\/trail\/carretera<\/li>\n<li>Protecci\u00f3n r\u00edgida en los nudillos<\/li>\n<li>Refuerzo en la palma<\/li>\n<li>Cierre en la mu\u00f1eca con velcro<\/li>\n<\/ul>\n","protected":false},"excerpt":{"rendered":"<p>Referencias: 009184.090.066 Talla L 009184.090.068 Talla XL Guantes para enduro\/trail\/carretera Protecci\u00f3n r\u00edgida en los nudillos Refuerzo en la palma Cierre en la mu\u00f1eca con velcro<\/p>\n","protected":false},"featured_media":8430,"template":"","meta":{"_et_pb_use_builder":"","_et_pb_old_content":"","_et_gb_content_width":""},"product_cat":[33,230,255,100,363],"product_tag":[26,342,190,193],"_links":{"self":[{"href":"https:\/\/difrenos.com\/index.php\/wp-json\/wp\/v2\/product\/8427"}],"collection":[{"href":"https:\/\/difrenos.com\/index.php\/wp-json\/wp\/v2\/product"}],"about":[{"href":"https:\/\/difrenos.com\/index.php\/wp-json\/wp\/v2\/types\/product"}],"wp:featuredmedia":[{"embeddable":true,"href":"https:\/\/difrenos.com\/index.php\/wp-json\/wp\/v2\/media\/8430"}],"wp:attachment":[{"href":"https:\/\/difrenos.com\/index.php\/wp-json\/wp\/v2\/media?parent=8427"}],"wp:term":[{"taxonomy":"product_cat","embeddable":true,"href":"https:\/\/difrenos.com\/index.php\/wp-json\/wp\/v2\/product_cat?post=8427"},{"taxonomy":"product_tag","embeddable":true,"href":"https:\/\/difrenos.com\/index.php\/wp-json\/wp\/v2\/product_tag?post=8427"}],"curies":[{"name":"wp","href":"https:\/\/api.w.org\/{rel}","templated":true}]}}