{"id":8202,"date":"2023-06-12T11:23:36","date_gmt":"2023-06-12T11:23:36","guid":{"rendered":"https:\/\/difrenos.com\/?post_type=product&#038;p=8202"},"modified":"2025-12-04T15:35:17","modified_gmt":"2025-12-04T15:35:17","slug":"casco-axo-rs01bn","status":"publish","type":"product","link":"https:\/\/difrenos.com\/index.php\/producto\/casco-axo-rs01bn\/","title":{"rendered":"Casco Axo RS 01 Blanco"},"content":{"rendered":"<p id=\"product_reference\">Referencias:<br \/>\n<span class=\"editable\">MS1P0041WGL Talla L<br \/>\nMS1P0042WGXL Talla XL<\/span><\/p>\n<div id=\"short_description_block\">\n<div id=\"short_description_content\" class=\"rte align_justify\">\n<ul>\n<li><strong>Casco integral\u00a0<\/strong><\/li>\n<li>Pantalla solar ahumada<\/li>\n<li><strong>Carcasa de material termopl\u00e1stico<\/strong><\/li>\n<li><strong>Rejillas de ventilaci\u00f3n Frontales y superior ajustables<\/strong><\/li>\n<li><strong>Sistema de liberaci\u00f3n r\u00e1pida de carrillera<\/strong><\/li>\n<li><strong>Visera inyectada de policarbonato con tratamiento anti-rasgu\u00f1a en el exterior y antiniebla sistema Pinlock\u00ae en el interior incluido.<\/strong><\/li>\n<\/ul>\n<\/div>\n<\/div>\n","protected":false},"excerpt":{"rendered":"<p>Referencias: MS1P0041WGL Talla L MS1P0042WGXL Talla XL Casco integral\u00a0 Pantalla solar ahumada Carcasa de material termopl\u00e1stico Rejillas de ventilaci\u00f3n Frontales y superior ajustables Sistema de liberaci\u00f3n r\u00e1pida de carrillera Visera inyectada de policarbonato con tratamiento anti-rasgu\u00f1a en el exterior y antiniebla sistema Pinlock\u00ae en el interior incluido.<\/p>\n","protected":false},"featured_media":8203,"template":"","meta":{"_et_pb_use_builder":"","_et_pb_old_content":"","_et_gb_content_width":""},"product_cat":[33,227,43,269],"product_tag":[28,41,344],"_links":{"self":[{"href":"https:\/\/difrenos.com\/index.php\/wp-json\/wp\/v2\/product\/8202"}],"collection":[{"href":"https:\/\/difrenos.com\/index.php\/wp-json\/wp\/v2\/product"}],"about":[{"href":"https:\/\/difrenos.com\/index.php\/wp-json\/wp\/v2\/types\/product"}],"wp:featuredmedia":[{"embeddable":true,"href":"https:\/\/difrenos.com\/index.php\/wp-json\/wp\/v2\/media\/8203"}],"wp:attachment":[{"href":"https:\/\/difrenos.com\/index.php\/wp-json\/wp\/v2\/media?parent=8202"}],"wp:term":[{"taxonomy":"product_cat","embeddable":true,"href":"https:\/\/difrenos.com\/index.php\/wp-json\/wp\/v2\/product_cat?post=8202"},{"taxonomy":"product_tag","embeddable":true,"href":"https:\/\/difrenos.com\/index.php\/wp-json\/wp\/v2\/product_tag?post=8202"}],"curies":[{"name":"wp","href":"https:\/\/api.w.org\/{rel}","templated":true}]}}