{"id":8181,"date":"2023-06-08T12:17:43","date_gmt":"2023-06-08T12:17:43","guid":{"rendered":"https:\/\/difrenos.com\/?post_type=product&#038;p=8181"},"modified":"2025-05-14T12:33:42","modified_gmt":"2025-05-14T12:33:42","slug":"portamotos-towcar-balance","status":"publish","type":"product","link":"https:\/\/difrenos.com\/index.php\/producto\/portamotos-towcar-balance\/","title":{"rendered":"Portamotos TowCar Balance"},"content":{"rendered":"<div class=\"a-expander-content a-expander-partial-collapse-content a-expander-content-expanded\" aria-expanded=\"true\">\n<div class=\"a-section a-spacing-small a-spacing-top-small\">\n<table class=\"a-normal a-spacing-micro\">\n<tbody>\n<tr class=\"a-spacing-small po-color\">\n<td class=\"a-span3\"><span class=\"a-size-base a-text-bold\">Color<\/span><\/td>\n<td class=\"a-span9\"><span class=\"a-size-base po-break-word\">Negro<\/span><\/td>\n<\/tr>\n<tr class=\"a-spacing-small po-compatible_with_vehicle_type\">\n<td class=\"a-span3\"><span class=\"a-size-base a-text-bold\">Tipo de servicio del veh\u00edculo<\/span><\/td>\n<td class=\"a-span9\"><span class=\"a-size-base po-break-word\">Tr\u00e1iler<\/span><\/td>\n<\/tr>\n<tr class=\"a-spacing-small po-material\">\n<td class=\"a-span3\"><span class=\"a-size-base a-text-bold\">Material<\/span><\/td>\n<td class=\"a-span9\"><span class=\"a-size-base po-break-word\">Acero aleado<\/span><\/td>\n<\/tr>\n<tr class=\"a-spacing-small po-brand\">\n<td class=\"a-span3\"><span class=\"a-size-base a-text-bold\">Marca<\/span><\/td>\n<td class=\"a-span9\"><span class=\"a-size-base po-break-word\">towcar<\/span><\/td>\n<\/tr>\n<tr class=\"a-spacing-small po-item_weight\">\n<td class=\"a-span3\"><span class=\"a-size-base a-text-bold\">Peso del producto<\/span><\/td>\n<td class=\"a-span9\"><span class=\"a-size-base po-break-word\">25 Kilogramos<\/span><\/td>\n<\/tr>\n<tr class=\"a-spacing-small po-is_foldable\">\n<td class=\"a-span3\"><span class=\"a-size-base a-text-bold\">Es plegable<\/span><\/td>\n<td class=\"a-span9\"><span class=\"a-size-base po-break-word\">No<\/span><\/td>\n<\/tr>\n<tr class=\"a-spacing-small po-load_capacity\">\n<td class=\"a-span3\"><span class=\"a-size-base a-text-bold\">Capacidad de carga<\/span><\/td>\n<td class=\"a-span9\"><span class=\"a-size-base po-break-word\">75 kilogramos<\/span><\/td>\n<\/tr>\n<tr class=\"a-spacing-small po-mounting_type\">\n<td class=\"a-span3\"><span class=\"a-size-base a-text-bold\">Tipo de montaje<\/span><\/td>\n<td class=\"a-span9\"><span class=\"a-size-base po-break-word\">Enganche<\/span><\/td>\n<\/tr>\n<\/tbody>\n<\/table>\n<\/div>\n<\/div>\n<div id=\"poToggleButton\" class=\"a-expander-header a-expander-partial-collapse-header\"><\/div>\n<div>\n<h1 class=\"a-size-base-plus a-text-bold\">Acerca de este producto<\/h1>\n<ul class=\"a-unordered-list a-vertical a-spacing-mini\">\n<li><span class=\"a-list-item\">Es la soluci\u00f3n ideal para transportar motos de cross de ni\u00f1os y juniors, motos de trial, pit bikes, minicross, ciclomotores. Va colocado sobre la bola del enganche.<\/span><\/li>\n<li><span class=\"a-list-item\">Fijaci\u00f3n autom\u00e1tica sobre la bola. Peso en vac\u00edo: 25 kilos. Carga \u00fatil: 75 kilos*. Bastidor en acero.<\/span><\/li>\n<li><span class=\"a-list-item\">Anchura de la gu\u00eda para la rueda: 130 mm. Anchura del adaptador para la rueda: 105 mm.<\/span><\/li>\n<li><span class=\"a-list-item\">Sujeci\u00f3n de la moto con correas tipo trinquete. Enchufe de 7 y 13 polos.<\/span><\/li>\n<li><span class=\"a-list-item\">Antirrobo de cabezal. Por normativa de la DGT es obligatorio llevar visible la placa de se\u00f1alizaci\u00f3n de carga saliente V20.<\/span><\/li>\n<\/ul>\n<\/div>\n","protected":false},"excerpt":{"rendered":"<p>PODEMOS COGER MOTO A CAMBIO<\/p>\n","protected":false},"featured_media":8182,"template":"","meta":{"_et_pb_use_builder":"","_et_pb_old_content":"","_et_gb_content_width":""},"product_cat":[174],"product_tag":[304],"_links":{"self":[{"href":"https:\/\/difrenos.com\/index.php\/wp-json\/wp\/v2\/product\/8181"}],"collection":[{"href":"https:\/\/difrenos.com\/index.php\/wp-json\/wp\/v2\/product"}],"about":[{"href":"https:\/\/difrenos.com\/index.php\/wp-json\/wp\/v2\/types\/product"}],"wp:featuredmedia":[{"embeddable":true,"href":"https:\/\/difrenos.com\/index.php\/wp-json\/wp\/v2\/media\/8182"}],"wp:attachment":[{"href":"https:\/\/difrenos.com\/index.php\/wp-json\/wp\/v2\/media?parent=8181"}],"wp:term":[{"taxonomy":"product_cat","embeddable":true,"href":"https:\/\/difrenos.com\/index.php\/wp-json\/wp\/v2\/product_cat?post=8181"},{"taxonomy":"product_tag","embeddable":true,"href":"https:\/\/difrenos.com\/index.php\/wp-json\/wp\/v2\/product_tag?post=8181"}],"curies":[{"name":"wp","href":"https:\/\/api.w.org\/{rel}","templated":true}]}}