{"id":8147,"date":"2023-06-06T10:45:39","date_gmt":"2023-06-06T10:45:39","guid":{"rendered":"https:\/\/difrenos.com\/?post_type=product&#038;p=8147"},"modified":"2026-04-17T10:57:44","modified_gmt":"2026-04-17T10:57:44","slug":"zapatillas-gaerne-g-arc","status":"publish","type":"product","link":"https:\/\/difrenos.com\/index.php\/producto\/zapatillas-gaerne-g-arc\/","title":{"rendered":"Zapatillas Bike Gaerne G.Arc"},"content":{"rendered":"<p>Referencias:<br \/>\n490601441 Talla 41<br \/>\n490601442 Talla 42<br \/>\n490601443 Talla 43<br \/>\n490601444 Talla 44<br \/>\n490601445 Talla 45<\/p>\n<ul>\n<li>Parte superior de malla de nylon con dise\u00f1o gr\u00e1fico termosellado como refuerzo lateral y protecci\u00f3n en la puntera y el tal\u00f3n.<\/li>\n<li>Cordones compuestos por cordones sostenidos por ojales reforzados.<\/li>\n<li>Plantilla anat\u00f3mica, con tratamiento antibacteriano.<\/li>\n<li>Entresuela de EVA.<\/li>\n<li>Suela G. Tourer Vibram.<\/li>\n<li>Color: antracita.<\/li>\n<\/ul>\n","protected":false},"excerpt":{"rendered":"<p>Referencias: 490601441 Talla 41 490601442 Talla 42 490601443 Talla 43 490601444 Talla 44 490601445 Talla 45 Parte superior de malla de nylon con dise\u00f1o gr\u00e1fico termosellado como refuerzo lateral y protecci\u00f3n en la puntera y el tal\u00f3n. Cordones compuestos por cordones sostenidos por ojales reforzados. Plantilla anat\u00f3mica, con tratamiento antibacteriano. Entresuela de EVA. Suela G. [&hellip;]<\/p>\n","protected":false},"featured_media":8150,"template":"","meta":{"_et_pb_use_builder":"","_et_pb_old_content":"","_et_gb_content_width":""},"product_cat":[220,33,291],"product_tag":[315,521],"_links":{"self":[{"href":"https:\/\/difrenos.com\/index.php\/wp-json\/wp\/v2\/product\/8147"}],"collection":[{"href":"https:\/\/difrenos.com\/index.php\/wp-json\/wp\/v2\/product"}],"about":[{"href":"https:\/\/difrenos.com\/index.php\/wp-json\/wp\/v2\/types\/product"}],"wp:featuredmedia":[{"embeddable":true,"href":"https:\/\/difrenos.com\/index.php\/wp-json\/wp\/v2\/media\/8150"}],"wp:attachment":[{"href":"https:\/\/difrenos.com\/index.php\/wp-json\/wp\/v2\/media?parent=8147"}],"wp:term":[{"taxonomy":"product_cat","embeddable":true,"href":"https:\/\/difrenos.com\/index.php\/wp-json\/wp\/v2\/product_cat?post=8147"},{"taxonomy":"product_tag","embeddable":true,"href":"https:\/\/difrenos.com\/index.php\/wp-json\/wp\/v2\/product_tag?post=8147"}],"curies":[{"name":"wp","href":"https:\/\/api.w.org\/{rel}","templated":true}]}}