{"id":8139,"date":"2023-06-06T10:17:43","date_gmt":"2023-06-06T10:17:43","guid":{"rendered":"https:\/\/difrenos.com\/?post_type=product&#038;p=8139"},"modified":"2026-04-17T10:50:28","modified_gmt":"2026-04-17T10:50:28","slug":"zapatillas-ktm-factory-character","status":"publish","type":"product","link":"https:\/\/difrenos.com\/index.php\/producto\/zapatillas-ktm-factory-character\/","title":{"rendered":"Zapatillas Ktm bike Factory Character"},"content":{"rendered":"<p>Referencias:<br \/>\n660300141 Talla 41<br \/>\n660300142 Talla 42<br \/>\n660300144 Talla 44<\/p>\n<ul>\n<li>Con cordornes y cierre de velcro<\/li>\n<li>Parte superior fabricada en cuero sint\u00e9tico y malla con leng\u00fceta c\u00f3moda<\/li>\n<\/ul>\n","protected":false},"excerpt":{"rendered":"<p>Referencias: 660300141 Talla 41 660300142 Talla 42 660300144 Talla 44 Con cordornes y cierre de velcro Parte superior fabricada en cuero sint\u00e9tico y malla con leng\u00fceta c\u00f3moda<\/p>\n","protected":false},"featured_media":8140,"template":"","meta":{"_et_pb_use_builder":"","_et_pb_old_content":"","_et_gb_content_width":""},"product_cat":[220,33,291],"product_tag":[66,120],"_links":{"self":[{"href":"https:\/\/difrenos.com\/index.php\/wp-json\/wp\/v2\/product\/8139"}],"collection":[{"href":"https:\/\/difrenos.com\/index.php\/wp-json\/wp\/v2\/product"}],"about":[{"href":"https:\/\/difrenos.com\/index.php\/wp-json\/wp\/v2\/types\/product"}],"wp:featuredmedia":[{"embeddable":true,"href":"https:\/\/difrenos.com\/index.php\/wp-json\/wp\/v2\/media\/8140"}],"wp:attachment":[{"href":"https:\/\/difrenos.com\/index.php\/wp-json\/wp\/v2\/media?parent=8139"}],"wp:term":[{"taxonomy":"product_cat","embeddable":true,"href":"https:\/\/difrenos.com\/index.php\/wp-json\/wp\/v2\/product_cat?post=8139"},{"taxonomy":"product_tag","embeddable":true,"href":"https:\/\/difrenos.com\/index.php\/wp-json\/wp\/v2\/product_tag?post=8139"}],"curies":[{"name":"wp","href":"https:\/\/api.w.org\/{rel}","templated":true}]}}