{"id":7761,"date":"2023-04-03T17:31:47","date_gmt":"2023-04-03T17:31:47","guid":{"rendered":"https:\/\/difrenos.com\/?post_type=product&#038;p=7761"},"modified":"2026-02-10T20:45:55","modified_gmt":"2026-02-10T20:45:55","slug":"peto-gasgas-sequence","status":"publish","type":"product","link":"https:\/\/difrenos.com\/index.php\/producto\/peto-gasgas-sequence\/","title":{"rendered":"Peto Gas Gas Sequence"},"content":{"rendered":"<p>Referencias:<br \/>\n3GG230013603 Talla M<br \/>\n3GG230013604 Talla L<br \/>\n3GG230013605 Talla XL<\/p>\n<ul>\n<li>Peto integral blando innovador<\/li>\n<li>Transpirable y completamente ventilado<\/li>\n<li>Protecci\u00f3n en pecho, espalda, hombros y flancos<\/li>\n<li>Cintur\u00f3n lumbar integrado con doble tensor<\/li>\n<li>Dise\u00f1o exclusivo de Alpinestars para GASGAS<\/li>\n<li>35 % poli\u00e9ster \/ 25 % poliamida \/ 25 % Poliuretano termopl\u00e1stico \/ 10 % EVA \/ 5 % otros<\/li>\n<\/ul>\n","protected":false},"excerpt":{"rendered":"<p>Referencias: 3GG230013603 Talla M 3GG230013604 Talla L 3GG230013605 Talla XL Peto integral blando innovador Transpirable y completamente ventilado Protecci\u00f3n en pecho, espalda, hombros y flancos Cintur\u00f3n lumbar integrado con doble tensor Dise\u00f1o exclusivo de Alpinestars para GASGAS 35 % poli\u00e9ster \/ 25 % poliamida \/ 25 % Poliuretano termopl\u00e1stico \/ 10 % EVA \/ 5 [&hellip;]<\/p>\n","protected":false},"featured_media":7765,"template":"","meta":{"_et_pb_use_builder":"","_et_pb_old_content":"","_et_gb_content_width":""},"product_cat":[33,278,166],"product_tag":[448,85,309],"_links":{"self":[{"href":"https:\/\/difrenos.com\/index.php\/wp-json\/wp\/v2\/product\/7761"}],"collection":[{"href":"https:\/\/difrenos.com\/index.php\/wp-json\/wp\/v2\/product"}],"about":[{"href":"https:\/\/difrenos.com\/index.php\/wp-json\/wp\/v2\/types\/product"}],"wp:featuredmedia":[{"embeddable":true,"href":"https:\/\/difrenos.com\/index.php\/wp-json\/wp\/v2\/media\/7765"}],"wp:attachment":[{"href":"https:\/\/difrenos.com\/index.php\/wp-json\/wp\/v2\/media?parent=7761"}],"wp:term":[{"taxonomy":"product_cat","embeddable":true,"href":"https:\/\/difrenos.com\/index.php\/wp-json\/wp\/v2\/product_cat?post=7761"},{"taxonomy":"product_tag","embeddable":true,"href":"https:\/\/difrenos.com\/index.php\/wp-json\/wp\/v2\/product_tag?post=7761"}],"curies":[{"name":"wp","href":"https:\/\/api.w.org\/{rel}","templated":true}]}}