{"id":7656,"date":"2023-03-27T09:42:02","date_gmt":"2023-03-27T09:42:02","guid":{"rendered":"https:\/\/difrenos.com\/?post_type=product&#038;p=7656"},"modified":"2026-01-30T10:19:40","modified_gmt":"2026-01-30T10:19:40","slug":"bicicleta-ktm-scarp-mt-master","status":"publish","type":"product","link":"https:\/\/difrenos.com\/index.php\/producto\/bicicleta-ktm-scarp-mt-master\/","title":{"rendered":"KTM Scarp MT Master seminueva aprox. 3 horas de uso"},"content":{"rendered":"<p>KTM SCARP MT con el modelo Master, cuadro de carbono, 12 velocidades , full shimano XT, Suspensiones Fox.<\/p>\n<p>\u2714\ufe0f Cuadro de carbono Premium Carbon SLL115mm<br \/>\n\u2714\ufe0f Grupo Shimano XT 1x12v<br \/>\n\u2714\ufe0f Horquilla FOX 34 Float SC 29&#8243; Performance 120mm con bloqueo remoto<br \/>\n\u2714\ufe0f Amortiguador FOX Float DPS PerformanceElite remote 190&#215;45<br \/>\n\u2714\ufe0f Ruedas KTM Comp Trail 29 CL by DT Swiss<\/p>\n<p style=\"font-weight: 400;\">El cuadro SCARP EVO II llev\u00f3 a KTM hasta el podio de la Copa del Mundo. Ahora es su turno de escribir su propia historia de \u00e9xito de SCARP. Nunca subestimes el impacto de m\u00e1s viajes en una bicicleta de carrera. Lanzado en 2020, el Scarp MT ampli\u00f3 la gama KTM MTB. MT, abreviatura de marat\u00f3n, combina las ventajas de un mayor recorrido con un cuadro de carrera ultraligero. La tecnolog\u00eda STRAIGHT-LINE-LINK (SLL) de KTM combinada con un recorrido trasero de 115 mm y delantero de 120 mm, lo que garantiza un rendimiento \u00f3ptimo en largas distancias, incluso en terrenos irregulares. Una especificaci\u00f3n orientada a los senderos garantiza el placer de una aventura de marat\u00f3n extra larga. Un \u00e1ngulo de direcci\u00f3n de 67,5, espacio suficiente para un segundo portabidones, as\u00ed como una tija de sill\u00edn telesc\u00f3pica en algunos de los modelos, envuelve el concepto MT. Disponible en cinco puntos de precio diferentes y versiones de especificaciones. Con un peso de menos de 10 kg, el modelo superior SCARP MT EXONIC es absolutamente adecuado para carreras de cross country. Al igual que su hermano mayor, PRIME y MASTER se basan en un cuadro de carbono completo, mientras que los modelos b\u00e1sicos ELITE y PRO est\u00e1n equipados con un tri\u00e1ngulo trasero de aluminio.<\/p>\n<h1>ESPECIFICACIONES<\/h1>\n<table style=\"font-weight: 400;\">\n<tbody>\n<tr>\n<td>\n<p style=\"font-weight: 400;\">CUADRO<\/p>\n<\/td>\n<td>\n<p style=\"font-weight: 400;\">Scarp 29&#8243; Premium Carbon SLL115mm UDH \/ M-2926<\/p>\n<\/td>\n<\/tr>\n<tr>\n<td>\n<p style=\"font-weight: 400;\">HORQUILLA<\/p>\n<\/td>\n<td>\n<p style=\"font-weight: 400;\">FOX 34 Float SC 29&#8243; Performance 120mm remote 15&#215;110<\/p>\n<\/td>\n<\/tr>\n<tr>\n<td>\n<p style=\"font-weight: 400;\">AMORTIGUADOR<\/p>\n<\/td>\n<td>\n<p style=\"font-weight: 400;\">FOX Float DPS PerformanceElite remote 190&#215;45<\/p>\n<\/td>\n<\/tr>\n<tr>\n<td>\n<p style=\"font-weight: 400;\">CAMBIO TRASERO<\/p>\n<\/td>\n<td>\n<p style=\"font-weight: 400;\">Shimano Deore XT M8100-12 SGS shadow+<\/p>\n<\/td>\n<\/tr>\n<tr>\n<td>\n<p style=\"font-weight: 400;\">MANDO DE CAMBIO<\/p>\n<\/td>\n<td>\n<p style=\"font-weight: 400;\">Shimano Deore XT M8100-12<\/p>\n<\/td>\n<\/tr>\n<tr>\n<td>\n<p style=\"font-weight: 400;\">PLATO<\/p>\n<\/td>\n<td>\n<p style=\"font-weight: 400;\">Shimano Deore XT M8120 32T<\/p>\n<\/td>\n<\/tr>\n<tr>\n<td>\n<p style=\"font-weight: 400;\">CASSETTE<\/p>\n<\/td>\n<td>\n<p style=\"font-weight: 400;\">Shimano Deore XT M8100-12 \/ 10-51<\/p>\n<\/td>\n<\/tr>\n<tr>\n<td>\n<p style=\"font-weight: 400;\">CADENA<\/p>\n<\/td>\n<td>\n<p style=\"font-weight: 400;\">Shimano M8100-12<\/p>\n<\/td>\n<\/tr>\n<tr>\n<td>\n<p style=\"font-weight: 400;\">FRENOS<\/p>\n<\/td>\n<td>\n<p style=\"font-weight: 400;\">Shimano Deore XT M8100 \/ M8100 2-Piston<\/p>\n<\/td>\n<\/tr>\n<tr>\n<td>\n<p style=\"font-weight: 400;\">DISCOS DE FRENO<\/p>\n<\/td>\n<td>\n<p style=\"font-weight: 400;\">Shimano MT800 CL 160 \/ 160 Freeza<\/p>\n<\/td>\n<\/tr>\n<tr>\n<td>\n<p style=\"font-weight: 400;\">RUEDA DELANTERA<\/p>\n<\/td>\n<td>\n<p style=\"font-weight: 400;\">KTM Comp Trail 29 CL 110\/15TA \/ 622x30TC made by DT Swiss<\/p>\n<\/td>\n<\/tr>\n<tr>\n<td>\n<p style=\"font-weight: 400;\">RUEDA TRASERA<\/p>\n<\/td>\n<td>\n<p style=\"font-weight: 400;\">KTM Comp Trail 29 CL 148\/12TA \/ 622x30TC made by DT Swiss<\/p>\n<\/td>\n<\/tr>\n<tr>\n<td>\n<p style=\"font-weight: 400;\">CUBIERTAS<\/p>\n<\/td>\n<td>\n<p style=\"font-weight: 400;\">Maxxis Rekon EXO\/TR 62-622<\/p>\n<\/td>\n<\/tr>\n<tr>\n<td>\n<p style=\"font-weight: 400;\">PU\u00d1OS<\/p>\n<\/td>\n<td>\n<p style=\"font-weight: 400;\">KTM Team silicone<\/p>\n<\/td>\n<\/tr>\n<tr>\n<td>\n<p style=\"font-weight: 400;\">MANILLAR<\/p>\n<\/td>\n<td>\n<p style=\"font-weight: 400;\">KTM Team flat 2X 740mm<\/p>\n<\/td>\n<\/tr>\n<tr>\n<td>\n<p style=\"font-weight: 400;\">POTENCIA<\/p>\n<\/td>\n<td>\n<p style=\"font-weight: 400;\">KTM Team MTB 7\u00b0<\/p>\n<\/td>\n<\/tr>\n<tr>\n<td>\n<p style=\"font-weight: 400;\">DIRECCION<\/p>\n<\/td>\n<td>\n<p style=\"font-weight: 400;\">KTM Team drop\/in 1.1\/8&#8243;-1.5&#8243;<\/p>\n<\/td>\n<\/tr>\n<tr>\n<td>\n<p style=\"font-weight: 400;\">SILLIN<\/p>\n<\/td>\n<td>\n<p style=\"font-weight: 400;\">Selle San Marco RND Manganese Rails<\/p>\n<\/td>\n<\/tr>\n<tr>\n<td>\n<p style=\"font-weight: 400;\">TIJA DE SILLIN<\/p>\n<\/td>\n<td>\n<p style=\"font-weight: 400;\">KTM Team dropper internal<\/p>\n<\/td>\n<\/tr>\n<tr>\n<td>\n<p style=\"font-weight: 400;\">PESO<\/p>\n<\/td>\n<td>\n<p style=\"font-weight: 400;\">11,90 KG<\/p>\n<\/td>\n<\/tr>\n<tr>\n<td>\n<p style=\"font-weight: 400;\">PESO MAXIMO PERMITIDO<\/p>\n<\/td>\n<td>\n<p style=\"font-weight: 400;\">120 kg<\/p>\n<\/td>\n<\/tr>\n<\/tbody>\n<\/table>\n<h1><\/h1>\n","protected":false},"excerpt":{"rendered":"<p>PODEMOS COGER MOTO A CAMBIO<\/p>\n<p>&nbsp;<\/p>\n","protected":false},"featured_media":7658,"template":"","meta":{"_et_pb_use_builder":"","_et_pb_old_content":"","_et_gb_content_width":""},"product_cat":[30,339,119,133,168],"product_tag":[549,120,849,850],"_links":{"self":[{"href":"https:\/\/difrenos.com\/index.php\/wp-json\/wp\/v2\/product\/7656"}],"collection":[{"href":"https:\/\/difrenos.com\/index.php\/wp-json\/wp\/v2\/product"}],"about":[{"href":"https:\/\/difrenos.com\/index.php\/wp-json\/wp\/v2\/types\/product"}],"wp:featuredmedia":[{"embeddable":true,"href":"https:\/\/difrenos.com\/index.php\/wp-json\/wp\/v2\/media\/7658"}],"wp:attachment":[{"href":"https:\/\/difrenos.com\/index.php\/wp-json\/wp\/v2\/media?parent=7656"}],"wp:term":[{"taxonomy":"product_cat","embeddable":true,"href":"https:\/\/difrenos.com\/index.php\/wp-json\/wp\/v2\/product_cat?post=7656"},{"taxonomy":"product_tag","embeddable":true,"href":"https:\/\/difrenos.com\/index.php\/wp-json\/wp\/v2\/product_tag?post=7656"}],"curies":[{"name":"wp","href":"https:\/\/api.w.org\/{rel}","templated":true}]}}