{"id":7613,"date":"2023-03-21T10:58:24","date_gmt":"2023-03-21T10:58:24","guid":{"rendered":"https:\/\/difrenos.com\/?post_type=product&#038;p=7613"},"modified":"2026-03-24T13:30:03","modified_gmt":"2026-03-24T13:30:03","slug":"casco-husqvarna-helios","status":"publish","type":"product","link":"https:\/\/difrenos.com\/index.php\/producto\/casco-husqvarna-helios\/","title":{"rendered":"Casco Husqvarna Airoh Helios"},"content":{"rendered":"<p>Referencias:<br \/>\n3HS220043003 Talla M<br \/>\n3HS220043004 Talla L<br \/>\n3HS220043005 Talla XL<\/p>\n<ul>\n<li>Casco Tech-Jet de alta calidad y con estilo<\/li>\n<li>Eficaz sistema de ventilaci\u00f3n y aireaci\u00f3n<\/li>\n<li>Acolchado para las mejillas con forro interior extra\u00edble, lavable e hidr\u00f3fugo<\/li>\n<li>Tres tama\u00f1os de calotas<\/li>\n<li>Mezcla de policarbonato y material termopl\u00e1stico<\/li>\n<li>Visera de doble pantalla resistente a los rasgu\u00f1os<\/li>\n<li>Visera solar integrada<\/li>\n<li>Peso 1.250 g (\u00b1 50 g)<\/li>\n<li>Dise\u00f1o exclusivo de Airoh para Husqvarna Motorcycles<\/li>\n<li>18 % policarbonato \/ 17 % poli\u00e9ster \/ 13 % EPS \/ 2 % metal \/ 2 % nylon \/ 2 % PVC \/ 2 % polioximetileno \/ 1 % polipropileno<\/li>\n<\/ul>\n","protected":false},"excerpt":{"rendered":"<p>Referencias: 3HS220043003 Talla M 3HS220043004 Talla L 3HS220043005 Talla XL Casco Tech-Jet de alta calidad y con estilo Eficaz sistema de ventilaci\u00f3n y aireaci\u00f3n Acolchado para las mejillas con forro interior extra\u00edble, lavable e hidr\u00f3fugo Tres tama\u00f1os de calotas Mezcla de policarbonato y material termopl\u00e1stico Visera de doble pantalla resistente a los rasgu\u00f1os Visera solar [&hellip;]<\/p>\n","protected":false},"featured_media":7617,"template":"","meta":{"_et_pb_use_builder":"","_et_pb_old_content":"","_et_gb_content_width":""},"product_cat":[33,227,43,270],"product_tag":[27,41,108],"_links":{"self":[{"href":"https:\/\/difrenos.com\/index.php\/wp-json\/wp\/v2\/product\/7613"}],"collection":[{"href":"https:\/\/difrenos.com\/index.php\/wp-json\/wp\/v2\/product"}],"about":[{"href":"https:\/\/difrenos.com\/index.php\/wp-json\/wp\/v2\/types\/product"}],"wp:featuredmedia":[{"embeddable":true,"href":"https:\/\/difrenos.com\/index.php\/wp-json\/wp\/v2\/media\/7617"}],"wp:attachment":[{"href":"https:\/\/difrenos.com\/index.php\/wp-json\/wp\/v2\/media?parent=7613"}],"wp:term":[{"taxonomy":"product_cat","embeddable":true,"href":"https:\/\/difrenos.com\/index.php\/wp-json\/wp\/v2\/product_cat?post=7613"},{"taxonomy":"product_tag","embeddable":true,"href":"https:\/\/difrenos.com\/index.php\/wp-json\/wp\/v2\/product_tag?post=7613"}],"curies":[{"name":"wp","href":"https:\/\/api.w.org\/{rel}","templated":true}]}}