{"id":7494,"date":"2023-03-15T12:52:12","date_gmt":"2023-03-15T12:52:12","guid":{"rendered":"https:\/\/difrenos.com\/?post_type=product&#038;p=7494"},"modified":"2026-02-18T12:43:03","modified_gmt":"2026-02-18T12:43:03","slug":"casco-nzi-trial-single-junior-talla-l-blanco","status":"publish","type":"product","link":"https:\/\/difrenos.com\/index.php\/producto\/casco-nzi-trial-single-junior-talla-l-blanco\/","title":{"rendered":"Casco Nzi Single Junior"},"content":{"rendered":"<div class=\"dt-descripcion2 control-colapse\" data-toggle=\"collapse\" data-target=\"#demo\">\n<h2>Descripci\u00f3n\u00a0<span class=\"nombre_prod_desc\">Nzi Casco Jet Single Jr<\/span><\/h2>\n<\/div>\n<div id=\"demo0\" class=\"txt_programa \">\n<p class=\"parrafo\"><span id=\"desc\" class=\"addReadMore showlesscontent\">El casco abierto m\u00e1s popular de NZI Helmets, tambi\u00e9n para sus ni\u00f1os.<\/span><\/p>\n<p>Homologaci\u00f3n de las Naciones Unidas UNECE R 22 05.<\/p>\n<p>Bolsa portacascos incluida.<\/p>\n<p>Carcasa o calotta de Nugema, combinaci\u00f3n de materiales termopl\u00e1sticos de resistencia optimizada ante impactos y gran durabilidad.<\/p>\n<p>Compacto y muy ligero.<\/p>\n<p>Confort ideal para los m\u00e1s peque\u00f1os.<\/p>\n<p>Talla L \/54<\/p>\n<\/div>\n","protected":false},"excerpt":{"rendered":"<p>Talla L\/54<\/p>\n","protected":false},"featured_media":23348,"template":"","meta":{"_et_pb_use_builder":"","_et_pb_old_content":"","_et_gb_content_width":""},"product_cat":[33,233,116,283],"product_tag":[117,132,302],"_links":{"self":[{"href":"https:\/\/difrenos.com\/index.php\/wp-json\/wp\/v2\/product\/7494"}],"collection":[{"href":"https:\/\/difrenos.com\/index.php\/wp-json\/wp\/v2\/product"}],"about":[{"href":"https:\/\/difrenos.com\/index.php\/wp-json\/wp\/v2\/types\/product"}],"wp:featuredmedia":[{"embeddable":true,"href":"https:\/\/difrenos.com\/index.php\/wp-json\/wp\/v2\/media\/23348"}],"wp:attachment":[{"href":"https:\/\/difrenos.com\/index.php\/wp-json\/wp\/v2\/media?parent=7494"}],"wp:term":[{"taxonomy":"product_cat","embeddable":true,"href":"https:\/\/difrenos.com\/index.php\/wp-json\/wp\/v2\/product_cat?post=7494"},{"taxonomy":"product_tag","embeddable":true,"href":"https:\/\/difrenos.com\/index.php\/wp-json\/wp\/v2\/product_tag?post=7494"}],"curies":[{"name":"wp","href":"https:\/\/api.w.org\/{rel}","templated":true}]}}