{"id":7476,"date":"2023-03-15T12:28:14","date_gmt":"2023-03-15T12:28:14","guid":{"rendered":"https:\/\/difrenos.com\/?post_type=product&#038;p=7476"},"modified":"2026-04-09T09:20:48","modified_gmt":"2026-04-09T09:20:48","slug":"botas-gas-gas-tech-7","status":"publish","type":"product","link":"https:\/\/difrenos.com\/index.php\/producto\/botas-gas-gas-tech-7\/","title":{"rendered":"Botas Gas Gas Tech 7"},"content":{"rendered":"<p>&nbsp;<\/p>\n<div class=\"product-number\">\n<div>Referencia: <span data-masterid=\"3GG230012701-MP\"><span data-masterid=\"3GG230012701-MP\">3GG230012706 Talla 45,5<\/span><\/span><\/div>\n<\/div>\n<div>\n<p><strong>Botas Gas Gas Tech 7 MX<\/strong><\/p>\n<ul>\n<li>Botas MX con perfil anat\u00f3mico espec\u00edfico.<\/li>\n<li>Punteras cortadas ergon\u00f3micamente.<\/li>\n<li>Material de microfibra resistente a la abrasi\u00f3n y a los desgarros.<\/li>\n<li>Protectores de TPU resistentes a la abrasi\u00f3n y a los impactos en la espinilla y los gemelos.<\/li>\n<li>Protecci\u00f3n de acero inoxidable en tal\u00f3n y puntera.<\/li>\n<li>Sistema de protecci\u00f3n de tobillo de TPU.<\/li>\n<li>Material superior reforzado con PU.<\/li>\n<li>Sistema de cierre de hebilla con cierres de puente en aluminio resistente a los golpes con ajustes de memoria.<\/li>\n<li>Suela de 2 componentes adecuada para MX.<\/li>\n<li>Dise\u00f1o exclusivo de Alpinestars para GASGAS.<\/li>\n<li>92 % poliuretano \/ 6 % goma \/ 2 % cuero.<\/li>\n<\/ul>\n<\/div>\n","protected":false},"excerpt":{"rendered":"<p>&nbsp; Referencia: 3GG230012706 Talla 45,5 Botas Gas Gas Tech 7 MX Botas MX con perfil anat\u00f3mico espec\u00edfico. Punteras cortadas ergon\u00f3micamente. Material de microfibra resistente a la abrasi\u00f3n y a los desgarros. Protectores de TPU resistentes a la abrasi\u00f3n y a los impactos en la espinilla y los gemelos. Protecci\u00f3n de acero inoxidable en tal\u00f3n y [&hellip;]<\/p>\n","protected":false},"featured_media":7477,"template":"","meta":{"_et_pb_use_builder":"","_et_pb_old_content":"","_et_gb_content_width":""},"product_cat":[221,33,253,707],"product_tag":[448,499,296,82],"_links":{"self":[{"href":"https:\/\/difrenos.com\/index.php\/wp-json\/wp\/v2\/product\/7476"}],"collection":[{"href":"https:\/\/difrenos.com\/index.php\/wp-json\/wp\/v2\/product"}],"about":[{"href":"https:\/\/difrenos.com\/index.php\/wp-json\/wp\/v2\/types\/product"}],"wp:featuredmedia":[{"embeddable":true,"href":"https:\/\/difrenos.com\/index.php\/wp-json\/wp\/v2\/media\/7477"}],"wp:attachment":[{"href":"https:\/\/difrenos.com\/index.php\/wp-json\/wp\/v2\/media?parent=7476"}],"wp:term":[{"taxonomy":"product_cat","embeddable":true,"href":"https:\/\/difrenos.com\/index.php\/wp-json\/wp\/v2\/product_cat?post=7476"},{"taxonomy":"product_tag","embeddable":true,"href":"https:\/\/difrenos.com\/index.php\/wp-json\/wp\/v2\/product_tag?post=7476"}],"curies":[{"name":"wp","href":"https:\/\/api.w.org\/{rel}","templated":true}]}}