{"id":7413,"date":"2023-03-14T11:20:12","date_gmt":"2023-03-14T11:20:12","guid":{"rendered":"https:\/\/difrenos.com\/?post_type=product&#038;p=7413"},"modified":"2026-03-09T21:23:05","modified_gmt":"2026-03-09T21:23:05","slug":"botas-shot-k10-junior-no-34","status":"publish","type":"product","link":"https:\/\/difrenos.com\/index.php\/producto\/botas-shot-k10-junior-no-34\/","title":{"rendered":"Botas Shot K10 Junior MX"},"content":{"rendered":"<div class=\"description-tab__features\" data-v-3e088f34=\"\">\n<div class=\"product-features\" data-v-a05311c4=\"\" data-v-3e088f34=\"\">\n<div data-v-a05311c4=\"\">\n<p>\u00a0tallas\u00a0 \u00a035\u00a0 \u00a036<\/p>\n<ul>\n<li>Fabricadas en piel reforzada<\/li>\n<li>Forro interior de capa gruesa para una comodidad \u00f3ptima<\/li>\n<li>Panel lateral de piel para proteger contra el calor del tubo de escape<\/li>\n<li>Protecciones de pl\u00e1stico inyectado en espinilla y tal\u00f3n<\/li>\n<li>Refuerzo de pl\u00e1stico a la altura de los cambios<\/li>\n<li>Estructura en acorde\u00f3n delante y detr\u00e1s del tobillo para ofrecer una flexibilidad perfecta<\/li>\n<li>Suela resistente con refuerzo de hierro en la parte delantera<\/li>\n<li>Cierres ajustables de hebilla y sistema de doble bloqueo<\/li>\n<li>Cierre de velcro<\/li>\n<li>El\u00e1stico acanalado interior impermeabilizante que impide el paso del agua<\/li>\n<\/ul>\n<\/div>\n<\/div>\n<\/div>\n","protected":false},"excerpt":{"rendered":"<p>\u00a0tallas\u00a0 \u00a035\u00a0 \u00a036 Fabricadas en piel reforzada Forro interior de capa gruesa para una comodidad \u00f3ptima Panel lateral de piel para proteger contra el calor del tubo de escape Protecciones de pl\u00e1stico inyectado en espinilla y tal\u00f3n Refuerzo de pl\u00e1stico a la altura de los cambios Estructura en acorde\u00f3n delante y detr\u00e1s del tobillo para [&hellip;]<\/p>\n","protected":false},"featured_media":7414,"template":"","meta":{"_et_pb_use_builder":"","_et_pb_old_content":"","_et_gb_content_width":""},"product_cat":[222,33,116,244],"product_tag":[117,407,646],"_links":{"self":[{"href":"https:\/\/difrenos.com\/index.php\/wp-json\/wp\/v2\/product\/7413"}],"collection":[{"href":"https:\/\/difrenos.com\/index.php\/wp-json\/wp\/v2\/product"}],"about":[{"href":"https:\/\/difrenos.com\/index.php\/wp-json\/wp\/v2\/types\/product"}],"wp:featuredmedia":[{"embeddable":true,"href":"https:\/\/difrenos.com\/index.php\/wp-json\/wp\/v2\/media\/7414"}],"wp:attachment":[{"href":"https:\/\/difrenos.com\/index.php\/wp-json\/wp\/v2\/media?parent=7413"}],"wp:term":[{"taxonomy":"product_cat","embeddable":true,"href":"https:\/\/difrenos.com\/index.php\/wp-json\/wp\/v2\/product_cat?post=7413"},{"taxonomy":"product_tag","embeddable":true,"href":"https:\/\/difrenos.com\/index.php\/wp-json\/wp\/v2\/product_tag?post=7413"}],"curies":[{"name":"wp","href":"https:\/\/api.w.org\/{rel}","templated":true}]}}