{"id":7375,"date":"2023-03-13T13:25:12","date_gmt":"2023-03-13T13:25:12","guid":{"rendered":"https:\/\/difrenos.com\/?post_type=product&#038;p=7375"},"modified":"2026-04-09T09:20:59","modified_gmt":"2026-04-09T09:20:59","slug":"botas-alpinestar-tech-7-no-42-white-black-fluor","status":"publish","type":"product","link":"https:\/\/difrenos.com\/index.php\/producto\/botas-alpinestar-tech-7-no-42-white-black-fluor\/","title":{"rendered":"Botas Alpinestars Tech 7"},"content":{"rendered":"<p><strong>Alpinestars Tech 7 Botas de Motocross<\/strong><\/p>\n<p>La bota Alpinestars Tech 7 MX revolucionada incorpora materiales y tecnolog\u00eda innovadores en un dise\u00f1o completamente nuevo para un artista m\u00e1s ligero y perfilado anat\u00f3micamente. Esta bota promueve la estabilidad del n\u00facleo y la flexi\u00f3n a trav\u00e9s de un pivote biomec\u00e1nico al tiempo que ofrece una excelente protecci\u00f3n del tobillo. El chasis de la bota ha sido dise\u00f1ado para dar una sensaci\u00f3n completa y una interacci\u00f3n optimizada con los controles de la bicicleta, mientras que el innovador sistema de hebilla permite un cierre f\u00e1cil y preciso.<\/p>\n<p><strong>Funciones:<\/strong><\/p>\n<ul>\n<li>Chasis de bota dise\u00f1ado con un antepi\u00e9 y una caja inferior de perfil ergon\u00f3mico para facilitar el cambio y mejorar la sensaci\u00f3n y el control del freno trasero.<\/li>\n<li>Incorporaci\u00f3n de una innovadora carcasa de pie compuesto de doble inyecci\u00f3n inyectada de una sola pieza con protector de puntez duro co-inyectado y v\u00e1stago de acero integrado. La carcasa es altamente resistente a la abrasi\u00f3n y el impacto, se suma a la durabilidad general de la bota y mejora la racionalizaci\u00f3n de la bota.<\/li>\n<li>La nueva suela de doble compuesto se integra perfectamente en la estructura base para una durabilidad superior, un patr\u00f3n de agarre de goma de alto rendimiento y una sensaci\u00f3n. La suela y el inserto de la estribera son reemplazables.<\/li>\n<li>Superior construido a partir de material innovador de microfibra que es flexible y resistente a la abrasi\u00f3n. El material superior est\u00e1 reforzado con PU para altos niveles de resistencia al agua y durabilidad y un mejor rendimiento de ahorro de peso. El material garantiza un ajuste uniforme incluso para el uso a largo plazo y es f\u00e1cil de mantener y limpiar.<\/li>\n<li>Placa protectora de pantorrilla contorneada se inyecta con pol\u00edmero de alto m\u00f3dulo para la resistencia al impacto e incorpora el sistema de flexi\u00f3n de la hoja desarrollado Alpinestars para un mayor control de precisi\u00f3n y movimiento, protecci\u00f3n adicional para el tal\u00f3n y el tend\u00f3n de Aquiles y ayuda a prevenir la hiperflexi\u00f3n.<\/li>\n<li>Nuevo sistema de protecci\u00f3n del tobillo TPU que incorpora un v\u00ednculo biomec\u00e1nico entre las secciones media e inferior de la bota ayudando a prevenir da\u00f1os en la pierna proporcionando un alivio progresivo de la fuerza para las fuerzas torsionales.<\/li>\n<li>Alpinestars desarrollado TPU espinilla y protecci\u00f3n medial se construyen a partir de una sola parte para una mayor integridad estructural y estabilidad. La espinilla perfilada anat\u00f3micamente cuenta con un sistema de cierre doble con una solapa de microfibra interna unida con Velcro\u00ae para un cierre de ajuste preciso, mientras que la placa de espinilla robusta y duradera se une firmemente con una hebilla ajustable de precisi\u00f3n.<\/li>\n<li>El panel lateral medial TPU incorpora un avanzado inserto de goma de nido de abeja y est\u00e1 dise\u00f1ado para un excelente agarre contra la bicicleta mientras protege contra impactos.<\/li>\n<li>Amplia apertura de entrada para mayor comodidad y permite un amplio ajuste de ajuste de la pantorrilla y soporte.<\/li>\n<li>El innovador sistema de cierre de hebilla incluye cierres de puente de aluminio de alto impacto, con ajustes de memoria y un sistema de liberaci\u00f3n\/bloqueo r\u00e1pido con dise\u00f1o autoalineado para un cierre f\u00e1cil y preciso y un mejor rendimiento de conducci\u00f3n. Todas las hebillas son reemplazables.<\/li>\n<li>Construcci\u00f3n redise\u00f1ada de zonas flexibles de acorde\u00f3n de Aquiles para una comodidad, control y soporte superiores.<\/li>\n<li>La polaina de microfibra extendida ayuda a prevenir la entrada excesiva de agua y suciedad.<\/li>\n<li>El forro interno incluye gamuza de microfibra antideslizante en el tal\u00f3n para ayudar a mantener el pie en posici\u00f3n.<\/li>\n<li>Refuerzo de espuma suave en tobillos y cuello para una comodidad duradera y absorci\u00f3n de impactos.<\/li>\n<li>La nueva plantilla anat\u00f3mica extra\u00edble de doble compuesto incluye la parte superior de EVA y Lycra para comodidad y soporte que garantiza una distribuci\u00f3n uniforme del peso y un tal\u00f3n reforzado.<\/li>\n<li>La bota Tech 7 cuenta con una exclusiva construcci\u00f3n de suela de alta resistencia que ofrece durabilidad y rendimiento protector.<\/li>\n<\/ul>\n","protected":false},"excerpt":{"rendered":"<p>Talla 42<\/p>\n","protected":false},"featured_media":7376,"template":"","meta":{"_et_pb_use_builder":"","_et_pb_old_content":"","_et_gb_content_width":""},"product_cat":[745,221,33,34,253,363],"product_tag":[448,296,407,146,638],"_links":{"self":[{"href":"https:\/\/difrenos.com\/index.php\/wp-json\/wp\/v2\/product\/7375"}],"collection":[{"href":"https:\/\/difrenos.com\/index.php\/wp-json\/wp\/v2\/product"}],"about":[{"href":"https:\/\/difrenos.com\/index.php\/wp-json\/wp\/v2\/types\/product"}],"wp:featuredmedia":[{"embeddable":true,"href":"https:\/\/difrenos.com\/index.php\/wp-json\/wp\/v2\/media\/7376"}],"wp:attachment":[{"href":"https:\/\/difrenos.com\/index.php\/wp-json\/wp\/v2\/media?parent=7375"}],"wp:term":[{"taxonomy":"product_cat","embeddable":true,"href":"https:\/\/difrenos.com\/index.php\/wp-json\/wp\/v2\/product_cat?post=7375"},{"taxonomy":"product_tag","embeddable":true,"href":"https:\/\/difrenos.com\/index.php\/wp-json\/wp\/v2\/product_tag?post=7375"}],"curies":[{"name":"wp","href":"https:\/\/api.w.org\/{rel}","templated":true}]}}