{"id":7328,"date":"2023-03-10T11:26:26","date_gmt":"2023-03-10T11:26:26","guid":{"rendered":"https:\/\/difrenos.com\/?post_type=product&#038;p=7328"},"modified":"2025-10-16T15:12:06","modified_gmt":"2025-10-16T15:12:06","slug":"botas-gaerne-sg-12-jarvis-edition-negro-blanco","status":"publish","type":"product","link":"https:\/\/difrenos.com\/index.php\/producto\/botas-gaerne-sg-12-jarvis-edition-negro-blanco\/","title":{"rendered":"Botas Gaerne SG 12 Jarvis Edition"},"content":{"rendered":"<h4>OTAS GAERNE SG-12 JARVIS EDITION NEGRO BLANCO |G2179014|<\/h4>\n<p>Gaerne empez\u00f3 a colaborar con\u00a0<strong>Graham Jarvis<\/strong>\u00a0un ya lejano 1993, cuando era un joven piloto de trial que empezaba a sumar los primeros puntos de su carrera. Corri\u00f3 con Gaerne hasta 2009 en los campeonatos de trial. Ahora estamos orgullosos de anunciar que Gaerne y Jarvis cooperar\u00e1n nuevamente para lograr mas \u00e9xitos y que, para celebrar este momento importante, Gaerne lanza una nueva edici\u00f3n SG-12 en honor a nuestro piloto Top.<\/p>\n<p>Las SG-12 est\u00e1n equipadas con la suela de Enduro, para ser efectiva en los pasajes mas dif\u00edciles del Enduro Extreme, mientras que el gr\u00e1fico de la parte superior homenajea al piloto.<\/p>\n<p>En Gaerne nos esforzamos por ser los mejores, siempre buscando nuevas formas de hacer un mejor producto, siempre escuchando a nuestros pilotos profesionales para obtener comentarios valiosos, siempre buscando a nuestros proveedores para obtener los mejores materiales. Todo lo cual se traduce en m\u00e1s valor para nuestros clientes. Las nueva SG-12 lideran el camino con muchas caracter\u00edsticas innovadoras que solo encontrar\u00e1s en Gaerne.<\/p>\n<p><strong>Dual Stage Pivot System:<\/strong>\u00a0Sistema revolucionario patentado por Gaerne. El nuevo elemento de protecci\u00f3n denominado RazorBack est\u00e1 anclado en dos puntos: el primero est\u00e1 fijo en el punto de rotaci\u00f3n de la bota, y el segundo est\u00e1 ubicado en un ojal m\u00f3vil, que facilita el movimiento de flexi\u00f3n natural, con un l\u00edmite en ambos sentidos para evitar la extensi\u00f3n o compresi\u00f3n involuntaria y amortiguar un posible impacto. El RazorBack ha sido dise\u00f1ado para ser sin\u00e9rgico con otros elementos de la bota y gracias a un particular ap\u00e9ndice limita fuertemente el movimiento lateral que es una las causas m\u00e1s frecuentes de lesi\u00f3n. Esta sinergia garantiza un protecci\u00f3n absoluta en toda la parte posterior de la bota<\/p>\n<p><strong>Interior reforzado:<\/strong>\u00a0el interior de la bota est\u00e1 casi completamente revestido con dos paneles de goma. Se trata de una goma especial que ofrece un agarre excepcional y una fuerte resistencia a la abrasi\u00f3n. Su amplia cobertura protege la bota del calor de los gases del escape y permite cubrir los tornillos de fijaci\u00f3n para darle un dise\u00f1o m\u00e1s elegante.<\/p>\n<p><strong>Placa frontal\/espinillera<\/strong>: La zona tibial\/de la espinilla tiene un panel frontal de protecci\u00f3n en PU anat\u00f3micamente moldeado y ajustable a las necesidades de piloto. Extrayendo 3 tornillos puede hacer la abertura m\u00e1s amplia para su comodidad o para poder alojar una rodillera.<\/p>\n<p><strong>Sistema de hebillas<\/strong>: El sistema de cierre dispone de 4 hebillas de aleaci\u00f3n ligera ajustables e intercambiables, con inserciones de PU y 4 correas regulables individualmente, para conseguir un ajuste perfecto. Este sistema permite al piloto abrir y cerrar f\u00e1cilmente la bota.<\/p>\n<p><strong>Acronos<\/strong>: La parte superior est\u00e1 realizada en tejido Acronos, que se caracteriza por su fibra de alta resistencia a la abrasi\u00f3n y al calor, a la vez que por su extremada elasticidad. Su dise\u00f1o ha sido especialmente realizado para evitar la entrada de arena o cualquier otro material.<\/p>\n<p><strong>Forro interior<\/strong>: forro interior de suave espuma recubierta de poliuretano (Gaerne Memory Cell Foam) ubicado alrededor del pie para ofrecer m\u00e1xima sensaci\u00f3n de estabilidad sin renunciar a una gran comodidad.<\/p>\n<p><strong>Tal\u00f3n:<\/strong>\u00a0El tal\u00f3n tiene un dise\u00f1o espec\u00edfico para absorber los impactos. Su forma convexa permite al piloto meter f\u00e1cilmente la marcha con el tal\u00f3n en las salidas.<\/p>\n<p><strong>Dedos protegidos<\/strong>: La zona del pie est\u00e1 envuelta por un nuevo material pl\u00e1stico, que es m\u00e1s ligero y proporciona al piloto mayor comodidad y sensibilidad a la palanca de cambio. Est\u00e1 realizada con espesores y densidades variables para garantizar total seguridad en las zonas m\u00e1s sensibles.<\/p>\n<p><strong>Puntera<\/strong>: Est\u00e1 confeccionada en acero inoxidable, indeformable y antioxidante. Ha sido redise\u00f1ada y reforzada para ofrecer una mayor resistencia y un look m\u00e1s agresivo.<\/p>\n<p><strong>Suela<\/strong>: En el modelo Jarvis Edition, las SG-12 equipan suelas de Enduro.<\/p>\n<p><strong>Plantilla<\/strong>: dentro de la bota encontrar\u00e1s una nueva base que ha sido especialmente moldeada para soportar correctamente el pie. En la parte posterior del reposapi\u00e9s, se ha utilizado un nuevo material absorbente de impactos. Y en la parte frontal, la construcci\u00f3n se ha realizado para permitir que el pie se ventile.<\/p>\n<p>&nbsp;<\/p>\n","protected":false},"excerpt":{"rendered":"<p>OTAS GAERNE SG-12 JARVIS EDITION NEGRO BLANCO |G2179014| Gaerne empez\u00f3 a colaborar con\u00a0Graham Jarvis\u00a0un ya lejano 1993, cuando era un joven piloto de trial que empezaba a sumar los primeros puntos de su carrera. Corri\u00f3 con Gaerne hasta 2009 en los campeonatos de trial. Ahora estamos orgullosos de anunciar que Gaerne y Jarvis cooperar\u00e1n nuevamente [&hellip;]<\/p>\n","protected":false},"featured_media":7329,"template":"","meta":{"_et_pb_use_builder":"","_et_pb_old_content":"","_et_gb_content_width":""},"product_cat":[221,33,34,253],"product_tag":[499,296,521,509],"_links":{"self":[{"href":"https:\/\/difrenos.com\/index.php\/wp-json\/wp\/v2\/product\/7328"}],"collection":[{"href":"https:\/\/difrenos.com\/index.php\/wp-json\/wp\/v2\/product"}],"about":[{"href":"https:\/\/difrenos.com\/index.php\/wp-json\/wp\/v2\/types\/product"}],"wp:featuredmedia":[{"embeddable":true,"href":"https:\/\/difrenos.com\/index.php\/wp-json\/wp\/v2\/media\/7329"}],"wp:attachment":[{"href":"https:\/\/difrenos.com\/index.php\/wp-json\/wp\/v2\/media?parent=7328"}],"wp:term":[{"taxonomy":"product_cat","embeddable":true,"href":"https:\/\/difrenos.com\/index.php\/wp-json\/wp\/v2\/product_cat?post=7328"},{"taxonomy":"product_tag","embeddable":true,"href":"https:\/\/difrenos.com\/index.php\/wp-json\/wp\/v2\/product_tag?post=7328"}],"curies":[{"name":"wp","href":"https:\/\/api.w.org\/{rel}","templated":true}]}}