{"id":7283,"date":"2023-03-09T10:59:30","date_gmt":"2023-03-09T10:59:30","guid":{"rendered":"https:\/\/difrenos.com\/?post_type=product&#038;p=7283"},"modified":"2026-04-07T13:13:43","modified_gmt":"2026-04-07T13:13:43","slug":"bosch-cargador-6a","status":"publish","type":"product","link":"https:\/\/difrenos.com\/index.php\/producto\/bosch-cargador-6a\/","title":{"rendered":"Cargador Bosch Fast Charger 6 Amperios"},"content":{"rendered":"<div class=\"col-lg-20 col-md-20 col-sm-20 col-xs-20\">\n<h2 class=\"heading-line\">Marca: BOSCH<\/h2>\n<p>REF.\u00a0 0275.007.925<\/p>\n<h2 class=\"heading-line\">DESCRIPCI\u00d3N<\/h2>\n<\/div>\n<div class=\"product-description-text\">\n<p>El\u00a0<strong>cargador r\u00e1pido<\/strong>\u00a0es actualmente el cargador de eBike m\u00e1s r\u00e1pido de su clase y recargar\u00e1 la bater\u00eda de eBike en el menor tiempo posible. Despu\u00e9s de solo tres horas, los poderosos PowerTube 500 o PowerPack 500 se recargan por completo. El cargador r\u00e1pido necesita algo m\u00e1s de una hora para cargar una bater\u00eda al 50% de su capacidad. Esto lo convierte en el cargador perfecto para una recarga r\u00e1pida durante un viaje. El cargador r\u00e1pido es ideal para bicicletas electr\u00f3nicas que se usan con frecuencia y se cargan con frecuencia.<\/p>\n<h4>CARACTERISTICAS:<\/h4>\n<ul>\n<li>Corriente de carga: m\u00e1x. 6 A.<\/li>\n<li>Tensi\u00f3n de alimentaci\u00f3n: 220 240V.<\/li>\n<li>Tama\u00f1o: aprox. 200 x 90 x 60 mm.<\/li>\n<li>Longitud del cable aprox.: Entrada AC: ca. 1.5 m \/ salida DC: ca. 1,0 m.<\/li>\n<li>Peso: incl. Cable, bajo 1000 gramos.<\/li>\n<li>No hay ranuras de ventilaci\u00f3n, no hay ruido del ventilador.<\/li>\n<li>Compatible con Active Line, Active Line Plus, Cargo Line, Performance Line y Performance Line CX.<\/li>\n<li>Compatible con Classic + mediante un adaptador opcional.<\/li>\n<li>Referencia: 275007925.<\/li>\n<li>EAN: 4047025782074.<\/li>\n<li>Tiempo de carga: baterias de\u00a0 \u00a0300\/2 horas\u00a0 \u00a0 400\/2,5 horas\u00a0 \u00a0 \u00a0500\/3 horas<\/li>\n<\/ul>\n<\/div>\n","protected":false},"excerpt":{"rendered":"<p>Marca: BOSCH REF.\u00a0 0275.007.925 DESCRIPCI\u00d3N El\u00a0cargador r\u00e1pido\u00a0es actualmente el cargador de eBike m\u00e1s r\u00e1pido de su clase y recargar\u00e1 la bater\u00eda de eBike en el menor tiempo posible. Despu\u00e9s de solo tres horas, los poderosos PowerTube 500 o PowerPack 500 se recargan por completo. El cargador r\u00e1pido necesita algo m\u00e1s de una hora para cargar [&hellip;]<\/p>\n","protected":false},"featured_media":7284,"template":"","meta":{"_et_pb_use_builder":"","_et_pb_old_content":"","_et_gb_content_width":""},"product_cat":[628,616,170],"product_tag":[626,629,66],"_links":{"self":[{"href":"https:\/\/difrenos.com\/index.php\/wp-json\/wp\/v2\/product\/7283"}],"collection":[{"href":"https:\/\/difrenos.com\/index.php\/wp-json\/wp\/v2\/product"}],"about":[{"href":"https:\/\/difrenos.com\/index.php\/wp-json\/wp\/v2\/types\/product"}],"wp:featuredmedia":[{"embeddable":true,"href":"https:\/\/difrenos.com\/index.php\/wp-json\/wp\/v2\/media\/7284"}],"wp:attachment":[{"href":"https:\/\/difrenos.com\/index.php\/wp-json\/wp\/v2\/media?parent=7283"}],"wp:term":[{"taxonomy":"product_cat","embeddable":true,"href":"https:\/\/difrenos.com\/index.php\/wp-json\/wp\/v2\/product_cat?post=7283"},{"taxonomy":"product_tag","embeddable":true,"href":"https:\/\/difrenos.com\/index.php\/wp-json\/wp\/v2\/product_tag?post=7283"}],"curies":[{"name":"wp","href":"https:\/\/api.w.org\/{rel}","templated":true}]}}