{"id":7225,"date":"2023-03-06T12:47:01","date_gmt":"2023-03-06T12:47:01","guid":{"rendered":"https:\/\/difrenos.com\/?post_type=product&#038;p=7225"},"modified":"2026-02-18T13:28:05","modified_gmt":"2026-02-18T13:28:05","slug":"cubrecuello-hebo-con-proteccion-de-pecho-negro","status":"publish","type":"product","link":"https:\/\/difrenos.com\/index.php\/producto\/cubrecuello-hebo-con-proteccion-de-pecho-negro\/","title":{"rendered":"Cubrecuello Hebo Wind Chest Neck"},"content":{"rendered":"<p>Referencia: HE6611<\/p>\n<p>M\u00e1scara de cuello para un m\u00e1ximo aislamiento del viento .<\/p>\n<p>La l\u00ednea de accesorios HEBO URBAN con tejido GORE WINDS-STOPER ofrece una gran comodidad en condiciones de frio y viento . La membrana es totalmente cortavientos y facilita la evacuaci\u00f3n del vapor de agua al ser extremadamente transpirable. Un\u00a0 tratamiento aplicado sobre el tejido exterior aumenta la resistencia al agua. Confort y protecci\u00f3n m\u00e1xima garantizada.<\/p>\n","protected":false},"excerpt":{"rendered":"<p>Referencia: HE6611 M\u00e1scara de cuello para un m\u00e1ximo aislamiento del viento . La l\u00ednea de accesorios HEBO URBAN con tejido GORE WINDS-STOPER ofrece una gran comodidad en condiciones de frio y viento . La membrana es totalmente cortavientos y facilita la evacuaci\u00f3n del vapor de agua al ser extremadamente transpirable. Un\u00a0 tratamiento aplicado sobre el [&hellip;]<\/p>\n","protected":false},"featured_media":7226,"template":"","meta":{"_et_pb_use_builder":"","_et_pb_old_content":"","_et_gb_content_width":""},"product_cat":[215,33,711],"product_tag":[105],"_links":{"self":[{"href":"https:\/\/difrenos.com\/index.php\/wp-json\/wp\/v2\/product\/7225"}],"collection":[{"href":"https:\/\/difrenos.com\/index.php\/wp-json\/wp\/v2\/product"}],"about":[{"href":"https:\/\/difrenos.com\/index.php\/wp-json\/wp\/v2\/types\/product"}],"wp:featuredmedia":[{"embeddable":true,"href":"https:\/\/difrenos.com\/index.php\/wp-json\/wp\/v2\/media\/7226"}],"wp:attachment":[{"href":"https:\/\/difrenos.com\/index.php\/wp-json\/wp\/v2\/media?parent=7225"}],"wp:term":[{"taxonomy":"product_cat","embeddable":true,"href":"https:\/\/difrenos.com\/index.php\/wp-json\/wp\/v2\/product_cat?post=7225"},{"taxonomy":"product_tag","embeddable":true,"href":"https:\/\/difrenos.com\/index.php\/wp-json\/wp\/v2\/product_tag?post=7225"}],"curies":[{"name":"wp","href":"https:\/\/api.w.org\/{rel}","templated":true}]}}