{"id":7137,"date":"2023-02-28T12:33:13","date_gmt":"2023-02-28T12:33:13","guid":{"rendered":"https:\/\/difrenos.com\/?post_type=product&#038;p=7137"},"modified":"2025-12-01T19:12:15","modified_gmt":"2025-12-01T19:12:15","slug":"botas-acerbis-x-rock-rojo-blanco","status":"publish","type":"product","link":"https:\/\/difrenos.com\/index.php\/producto\/botas-acerbis-x-rock-rojo-blanco\/","title":{"rendered":"Botas Acerbis X-Rock"},"content":{"rendered":"<p>Referencia: 0022441344040 Talla 40<\/p>\n<p>&nbsp;<\/p>\n<ul>\n<li>Parte superior de microfibra y cuero resistente a cortes y abrasiones.<\/li>\n<li>Bisagra en la zona del tobillo.<\/li>\n<li>Protecci\u00f3n de la tibia con espinilleras superior e inferior de forma anat\u00f3mica.<\/li>\n<li>Protector de tal\u00f3n con forma para facilitar el cambio de marcha al arrancar.<\/li>\n<li>Protecci\u00f3n de la zona del mediopi\u00e9 y la puntera en pl\u00e1stico con nervaduras para una mejor absorci\u00f3n de impactos.<\/li>\n<li>Inserto de TPU en densidad diferenciada en la zona de cambio de marcha para un control m\u00e1ximo.<\/li>\n<li>Burn Guard Grip en caucho vulcanizado resistente al calor y al desgaste.<\/li>\n<li>Se abrocha con 4 hebillas con grandes palancas de aluminio nuevas.<\/li>\n<li>Espinilleras en microfibra permeable.<\/li>\n<li>Suela Vibram\u00ae resistente al desgaste de caucho \u201cDouble Composite\u201d a prueba de golpes con certificaci\u00f3n EN 13634: 2010.<\/li>\n<li>Plantilla antibacteriana amortiguadora con estructura multicapa.<\/li>\n<li>Interior confeccionado en 3D Mesh para una \u00f3ptima comodidad y absorci\u00f3n del sudor.<\/li>\n<li>Plantilla fabricada en material compuesto pl\u00e1stico \/ acero para garantizar una mayor rigidez y absorci\u00f3n del pie ante impactos de compresi\u00f3n Puntera de acero reforzado.<\/li>\n<li>EN 13634: 2017 CERTIFICADO.<\/li>\n<\/ul>\n<p><b>Materiales<\/b><\/p>\n<ul>\n<li>CUERO ACCI\u00d3N 12%<\/li>\n<li>CUERO REAL 10%<\/li>\n<li>TPU 28%<\/li>\n<li>CUERO SINT\u00c9TICO 15%<\/li>\n<li>MALLA 15%<\/li>\n<li>POLI\u00c9STER 20%<\/li>\n<\/ul>\n","protected":false},"excerpt":{"rendered":"<p>Talla 40<\/p>\n","protected":false},"featured_media":7139,"template":"","meta":{"_et_pb_use_builder":"","_et_pb_old_content":"","_et_gb_content_width":""},"product_cat":[729,221,33,34,253,363],"product_tag":[26,499,296],"_links":{"self":[{"href":"https:\/\/difrenos.com\/index.php\/wp-json\/wp\/v2\/product\/7137"}],"collection":[{"href":"https:\/\/difrenos.com\/index.php\/wp-json\/wp\/v2\/product"}],"about":[{"href":"https:\/\/difrenos.com\/index.php\/wp-json\/wp\/v2\/types\/product"}],"wp:featuredmedia":[{"embeddable":true,"href":"https:\/\/difrenos.com\/index.php\/wp-json\/wp\/v2\/media\/7139"}],"wp:attachment":[{"href":"https:\/\/difrenos.com\/index.php\/wp-json\/wp\/v2\/media?parent=7137"}],"wp:term":[{"taxonomy":"product_cat","embeddable":true,"href":"https:\/\/difrenos.com\/index.php\/wp-json\/wp\/v2\/product_cat?post=7137"},{"taxonomy":"product_tag","embeddable":true,"href":"https:\/\/difrenos.com\/index.php\/wp-json\/wp\/v2\/product_tag?post=7137"}],"curies":[{"name":"wp","href":"https:\/\/api.w.org\/{rel}","templated":true}]}}