{"id":7130,"date":"2023-02-27T17:03:33","date_gmt":"2023-02-27T17:03:33","guid":{"rendered":"https:\/\/difrenos.com\/?post_type=product&#038;p=7130"},"modified":"2026-02-10T11:05:20","modified_gmt":"2026-02-10T11:05:20","slug":"guantes-husqvarna-sphere-wp","status":"publish","type":"product","link":"https:\/\/difrenos.com\/index.php\/producto\/guantes-husqvarna-sphere-wp\/","title":{"rendered":"Guantes Husqvarna Sphere Wp"},"content":{"rendered":"<p>Referencia: 3HS220042804 Talla L<\/p>\n<ul>\n<li>Vers\u00e1tiles guantes impermeables<\/li>\n<li>Forro polar triple<\/li>\n<li>Protecci\u00f3n Temperfoam en nudillos y palmas, tejido PWR shield en las palmas<\/li>\n<li>Piel de cabra te\u00f1ida en tambor<\/li>\n<li>Vuelta corta<\/li>\n<li>Ajuste de anchura en las mu\u00f1ecas con un cierre de velcro<\/li>\n<li>Dise\u00f1o exclusivo de REV&#8217;IT! para Husqvarna Motorcycles<\/li>\n<li>70 % poli\u00e9ster \/ 25 % piel de caprino \/ 10.000 mm Columna de agua \/ 3 % poliuretano \/ 2 % elastano<\/li>\n<\/ul>\n","protected":false},"excerpt":{"rendered":"<p>Referencia: 3HS220042804 Talla L Vers\u00e1tiles guantes impermeables Forro polar triple Protecci\u00f3n Temperfoam en nudillos y palmas, tejido PWR shield en las palmas Piel de cabra te\u00f1ida en tambor Vuelta corta Ajuste de anchura en las mu\u00f1ecas con un cierre de velcro Dise\u00f1o exclusivo de REV&#8217;IT! para Husqvarna Motorcycles 70 % poli\u00e9ster \/ 25 % piel [&hellip;]<\/p>\n","protected":false},"featured_media":7132,"template":"","meta":{"_et_pb_use_builder":"","_et_pb_old_content":"","_et_gb_content_width":""},"product_cat":[33,230,100,726,701],"product_tag":[108,392],"_links":{"self":[{"href":"https:\/\/difrenos.com\/index.php\/wp-json\/wp\/v2\/product\/7130"}],"collection":[{"href":"https:\/\/difrenos.com\/index.php\/wp-json\/wp\/v2\/product"}],"about":[{"href":"https:\/\/difrenos.com\/index.php\/wp-json\/wp\/v2\/types\/product"}],"wp:featuredmedia":[{"embeddable":true,"href":"https:\/\/difrenos.com\/index.php\/wp-json\/wp\/v2\/media\/7132"}],"wp:attachment":[{"href":"https:\/\/difrenos.com\/index.php\/wp-json\/wp\/v2\/media?parent=7130"}],"wp:term":[{"taxonomy":"product_cat","embeddable":true,"href":"https:\/\/difrenos.com\/index.php\/wp-json\/wp\/v2\/product_cat?post=7130"},{"taxonomy":"product_tag","embeddable":true,"href":"https:\/\/difrenos.com\/index.php\/wp-json\/wp\/v2\/product_tag?post=7130"}],"curies":[{"name":"wp","href":"https:\/\/api.w.org\/{rel}","templated":true}]}}