{"id":7107,"date":"2023-02-24T11:27:19","date_gmt":"2023-02-24T11:27:19","guid":{"rendered":"https:\/\/difrenos.com\/?post_type=product&#038;p=7107"},"modified":"2026-01-27T13:45:00","modified_gmt":"2026-01-27T13:45:00","slug":"casco-gas-gas-z4-fiberglass-2023","status":"publish","type":"product","link":"https:\/\/difrenos.com\/index.php\/producto\/casco-gas-gas-z4-fiberglass-2023\/","title":{"rendered":"Casco Gas Gas Z4 Fiberglass"},"content":{"rendered":"<p>Referencias:<br \/>\n3GG230011804 Talla L<br \/>\n3GG230011805 Talla XL<\/p>\n<ul>\n<li>Casco de trial ligero y vers\u00e1til<\/li>\n<li>Sistema de ventilaci\u00f3n perfeccionado<\/li>\n<li>Acolchado para las mejillas con forro interior extra\u00edble, lavable e hidr\u00f3fugo<\/li>\n<li>Peso 950 g (\u00b1 50 g)<\/li>\n<li>Dise\u00f1o exclusivo de Hebo exclusivamente para GASGAS<\/li>\n<li>100 % fibra de vidrio<\/li>\n<\/ul>\n","protected":false},"excerpt":{"rendered":"<p>Referencias: 3GG230011804 Talla L 3GG230011805 Talla XL Casco de trial ligero y vers\u00e1til Sistema de ventilaci\u00f3n perfeccionado Acolchado para las mejillas con forro interior extra\u00edble, lavable e hidr\u00f3fugo Peso 950 g (\u00b1 50 g) Dise\u00f1o exclusivo de Hebo exclusivamente para GASGAS 100 % fibra de vidrio<\/p>\n","protected":false},"featured_media":7104,"template":"","meta":{"_et_pb_use_builder":"","_et_pb_old_content":"","_et_gb_content_width":""},"product_cat":[33,766,43,707,203],"product_tag":[388,85,302],"_links":{"self":[{"href":"https:\/\/difrenos.com\/index.php\/wp-json\/wp\/v2\/product\/7107"}],"collection":[{"href":"https:\/\/difrenos.com\/index.php\/wp-json\/wp\/v2\/product"}],"about":[{"href":"https:\/\/difrenos.com\/index.php\/wp-json\/wp\/v2\/types\/product"}],"wp:featuredmedia":[{"embeddable":true,"href":"https:\/\/difrenos.com\/index.php\/wp-json\/wp\/v2\/media\/7104"}],"wp:attachment":[{"href":"https:\/\/difrenos.com\/index.php\/wp-json\/wp\/v2\/media?parent=7107"}],"wp:term":[{"taxonomy":"product_cat","embeddable":true,"href":"https:\/\/difrenos.com\/index.php\/wp-json\/wp\/v2\/product_cat?post=7107"},{"taxonomy":"product_tag","embeddable":true,"href":"https:\/\/difrenos.com\/index.php\/wp-json\/wp\/v2\/product_tag?post=7107"}],"curies":[{"name":"wp","href":"https:\/\/api.w.org\/{rel}","templated":true}]}}