{"id":7081,"date":"2023-02-23T14:47:38","date_gmt":"2023-02-23T14:47:38","guid":{"rendered":"https:\/\/difrenos.com\/?post_type=product&#038;p=7081"},"modified":"2026-02-27T10:00:53","modified_gmt":"2026-02-27T10:00:53","slug":"sudadera-husqvarna-team-midlayehsr-zip-2022","status":"publish","type":"product","link":"https:\/\/difrenos.com\/index.php\/producto\/sudadera-husqvarna-team-midlayehsr-zip-2022\/","title":{"rendered":"Sudadera Husqvarna Team Midlayer Zip"},"content":{"rendered":"<p>Referencias:<br \/>\n3HS220031501 Talla XS<br \/>\n3HS220031502 Talla S<br \/>\n3HS220031504 Talla L<br \/>\n3HS220031505 Talla XL<\/p>\n<ul>\n<li>Pu\u00f1os y pretina con ribete el\u00e1stico<\/li>\n<li>Cierre de cord\u00f3n en la capucha<\/li>\n<li>Bolsillos laterales con cremallera<\/li>\n<\/ul>\n","protected":false},"excerpt":{"rendered":"<p>Referencias: 3HS220031501 Talla XS 3HS220031502 Talla S 3HS220031504 Talla L 3HS220031505 Talla XL Pu\u00f1os y pretina con ribete el\u00e1stico Cierre de cord\u00f3n en la capucha Bolsillos laterales con cremallera<\/p>\n","protected":false},"featured_media":7083,"template":"","meta":{"_et_pb_use_builder":"","_et_pb_old_content":"","_et_gb_content_width":""},"product_cat":[33,702,701,186,703],"product_tag":[48,108],"_links":{"self":[{"href":"https:\/\/difrenos.com\/index.php\/wp-json\/wp\/v2\/product\/7081"}],"collection":[{"href":"https:\/\/difrenos.com\/index.php\/wp-json\/wp\/v2\/product"}],"about":[{"href":"https:\/\/difrenos.com\/index.php\/wp-json\/wp\/v2\/types\/product"}],"wp:featuredmedia":[{"embeddable":true,"href":"https:\/\/difrenos.com\/index.php\/wp-json\/wp\/v2\/media\/7083"}],"wp:attachment":[{"href":"https:\/\/difrenos.com\/index.php\/wp-json\/wp\/v2\/media?parent=7081"}],"wp:term":[{"taxonomy":"product_cat","embeddable":true,"href":"https:\/\/difrenos.com\/index.php\/wp-json\/wp\/v2\/product_cat?post=7081"},{"taxonomy":"product_tag","embeddable":true,"href":"https:\/\/difrenos.com\/index.php\/wp-json\/wp\/v2\/product_tag?post=7081"}],"curies":[{"name":"wp","href":"https:\/\/api.w.org\/{rel}","templated":true}]}}