{"id":6952,"date":"2023-02-16T12:46:18","date_gmt":"2023-02-16T12:46:18","guid":{"rendered":"https:\/\/difrenos.com\/?post_type=product&#038;p=6952"},"modified":"2026-03-08T21:53:15","modified_gmt":"2026-03-08T21:53:15","slug":"pantalon-husqvarna-impact-3df-5-0","status":"publish","type":"product","link":"https:\/\/difrenos.com\/index.php\/producto\/pantalon-husqvarna-impact-3df-5-0\/","title":{"rendered":"Pantal\u00f3n Husqvarna Impact 3DF 5.0"},"content":{"rendered":"<p>Referencias:<br \/>\n3HS200021303 Talla M<br \/>\n3HS200021304 Talla L<br \/>\n3HS200021305 Talla XL<\/p>\n<ul>\n<li>Pantalones cortos protectores ajustados<\/li>\n<li>Tejido de PE fino, transpirable y ventilado<\/li>\n<li>Cinta con franjas de silicona antideslizante<\/li>\n<li>Dise\u00f1o de ajuste ce\u00f1ido para usar por debajo de la ropa<\/li>\n<li>Cintura confortable con segmento el\u00e1stico<\/li>\n<li>Dise\u00f1o exclusivo de Leatt para Husqvarna Motorcycles<\/li>\n<li>54 % poliuretano \/ 18 % EVA \/ 14 % nylon \/ 11 % poli\u00e9ster \/ 3 % otros<\/li>\n<\/ul>\n","protected":false},"excerpt":{"rendered":"<p>Referencias: 3HS200021303 Talla M 3HS200021304 Talla L 3HS200021305 Talla XL Pantalones cortos protectores ajustados Tejido de PE fino, transpirable y ventilado Cinta con franjas de silicona antideslizante Dise\u00f1o de ajuste ce\u00f1ido para usar por debajo de la ropa Cintura confortable con segmento el\u00e1stico Dise\u00f1o exclusivo de Leatt para Husqvarna Motorcycles 54 % poliuretano \/ 18 [&hellip;]<\/p>\n","protected":false},"featured_media":6954,"template":"","meta":{"_et_pb_use_builder":"","_et_pb_old_content":"","_et_gb_content_width":""},"product_cat":[33,531,166,753],"product_tag":[108,309],"_links":{"self":[{"href":"https:\/\/difrenos.com\/index.php\/wp-json\/wp\/v2\/product\/6952"}],"collection":[{"href":"https:\/\/difrenos.com\/index.php\/wp-json\/wp\/v2\/product"}],"about":[{"href":"https:\/\/difrenos.com\/index.php\/wp-json\/wp\/v2\/types\/product"}],"wp:featuredmedia":[{"embeddable":true,"href":"https:\/\/difrenos.com\/index.php\/wp-json\/wp\/v2\/media\/6954"}],"wp:attachment":[{"href":"https:\/\/difrenos.com\/index.php\/wp-json\/wp\/v2\/media?parent=6952"}],"wp:term":[{"taxonomy":"product_cat","embeddable":true,"href":"https:\/\/difrenos.com\/index.php\/wp-json\/wp\/v2\/product_cat?post=6952"},{"taxonomy":"product_tag","embeddable":true,"href":"https:\/\/difrenos.com\/index.php\/wp-json\/wp\/v2\/product_tag?post=6952"}],"curies":[{"name":"wp","href":"https:\/\/api.w.org\/{rel}","templated":true}]}}