{"id":6922,"date":"2023-02-16T10:59:27","date_gmt":"2023-02-16T10:59:27","guid":{"rendered":"https:\/\/difrenos.com\/?post_type=product&#038;p=6922"},"modified":"2026-02-03T12:15:17","modified_gmt":"2026-02-03T12:15:17","slug":"camiseta-manga-larga-husqvarna-origin","status":"publish","type":"product","link":"https:\/\/difrenos.com\/index.php\/producto\/camiseta-manga-larga-husqvarna-origin\/","title":{"rendered":"Camiseta Husqvarna Origin"},"content":{"rendered":"<p>Referencias:<br \/>\n3HS200010003 Talla M<br \/>\n3HS200010004 Talla L<br \/>\n3HS200010005 Talla XL<\/p>\n<ul>\n<li>Made in Europe<\/li>\n<li>Sensaci\u00f3n t\u00e1ctil natural<\/li>\n<li>Material blando de doble capa<\/li>\n<li>Mangas ragl\u00e1n<\/li>\n<li>El\u00e1stico en 4 direcciones<\/li>\n<li>Logotipo 3D en el pecho<\/li>\n<li>Ranura lateral<\/li>\n<li>Estilo de vida 24h<\/li>\n<li>99 % algod\u00f3n \/ 1 % poliamida<\/li>\n<\/ul>\n","protected":false},"excerpt":{"rendered":"<p>Referencias: 3HS200010003 Talla M 3HS200010004 Talla L 3HS200010005 Talla XL Made in Europe Sensaci\u00f3n t\u00e1ctil natural Material blando de doble capa Mangas ragl\u00e1n El\u00e1stico en 4 direcciones Logotipo 3D en el pecho Ranura lateral Estilo de vida 24h 99 % algod\u00f3n \/ 1 % poliamida<\/p>\n","protected":false},"featured_media":6925,"template":"","meta":{"_et_pb_use_builder":"","_et_pb_old_content":"","_et_gb_content_width":""},"product_cat":[33,755,37,49,701],"product_tag":[48,108,314],"_links":{"self":[{"href":"https:\/\/difrenos.com\/index.php\/wp-json\/wp\/v2\/product\/6922"}],"collection":[{"href":"https:\/\/difrenos.com\/index.php\/wp-json\/wp\/v2\/product"}],"about":[{"href":"https:\/\/difrenos.com\/index.php\/wp-json\/wp\/v2\/types\/product"}],"wp:featuredmedia":[{"embeddable":true,"href":"https:\/\/difrenos.com\/index.php\/wp-json\/wp\/v2\/media\/6925"}],"wp:attachment":[{"href":"https:\/\/difrenos.com\/index.php\/wp-json\/wp\/v2\/media?parent=6922"}],"wp:term":[{"taxonomy":"product_cat","embeddable":true,"href":"https:\/\/difrenos.com\/index.php\/wp-json\/wp\/v2\/product_cat?post=6922"},{"taxonomy":"product_tag","embeddable":true,"href":"https:\/\/difrenos.com\/index.php\/wp-json\/wp\/v2\/product_tag?post=6922"}],"curies":[{"name":"wp","href":"https:\/\/api.w.org\/{rel}","templated":true}]}}