{"id":6918,"date":"2023-02-16T10:14:52","date_gmt":"2023-02-16T10:14:52","guid":{"rendered":"https:\/\/difrenos.com\/?post_type=product&#038;p=6918"},"modified":"2026-02-10T10:58:28","modified_gmt":"2026-02-10T10:58:28","slug":"guantes-husqvarna-factory-replica","status":"publish","type":"product","link":"https:\/\/difrenos.com\/index.php\/producto\/guantes-husqvarna-factory-replica\/","title":{"rendered":"Guantes Husqvarna Factory Replica"},"content":{"rendered":"<p>Referencias:<br \/>\n3HS200025202 Talla S<br \/>\n3HS200025204 Talla L<br \/>\n3HS200025205 Talla XL<\/p>\n<ul>\n<li>Guantes offroad ligeros<\/li>\n<li>Inserciones de malla<\/li>\n<li>Yemas de los dedos con silicona para un mejor agarre<\/li>\n<li>Material exterior de tejido ligero y resistente de microfibra<\/li>\n<li>Palmas con acolchado ligero<\/li>\n<li>Estampados por sublimaci\u00f3n resistentes a rayos UV y al deste\u00f1ido<\/li>\n<li>55 % poli\u00e9ster \/ 32 % nylon \/ 13 % poliuretano<\/li>\n<\/ul>\n","protected":false},"excerpt":{"rendered":"<p>Referencias: 3HS200025202 Talla S 3HS200025204 Talla L 3HS200025205 Talla XL Guantes offroad ligeros Inserciones de malla Yemas de los dedos con silicona para un mejor agarre Material exterior de tejido ligero y resistente de microfibra Palmas con acolchado ligero Estampados por sublimaci\u00f3n resistentes a rayos UV y al deste\u00f1ido 55 % poli\u00e9ster \/ 32 % [&hellip;]<\/p>\n","protected":false},"featured_media":6920,"template":"","meta":{"_et_pb_use_builder":"","_et_pb_old_content":"","_et_gb_content_width":""},"product_cat":[33,255,726,100,701],"product_tag":[342,108,142],"_links":{"self":[{"href":"https:\/\/difrenos.com\/index.php\/wp-json\/wp\/v2\/product\/6918"}],"collection":[{"href":"https:\/\/difrenos.com\/index.php\/wp-json\/wp\/v2\/product"}],"about":[{"href":"https:\/\/difrenos.com\/index.php\/wp-json\/wp\/v2\/types\/product"}],"wp:featuredmedia":[{"embeddable":true,"href":"https:\/\/difrenos.com\/index.php\/wp-json\/wp\/v2\/media\/6920"}],"wp:attachment":[{"href":"https:\/\/difrenos.com\/index.php\/wp-json\/wp\/v2\/media?parent=6918"}],"wp:term":[{"taxonomy":"product_cat","embeddable":true,"href":"https:\/\/difrenos.com\/index.php\/wp-json\/wp\/v2\/product_cat?post=6918"},{"taxonomy":"product_tag","embeddable":true,"href":"https:\/\/difrenos.com\/index.php\/wp-json\/wp\/v2\/product_tag?post=6918"}],"curies":[{"name":"wp","href":"https:\/\/api.w.org\/{rel}","templated":true}]}}