{"id":6876,"date":"2023-02-14T16:19:58","date_gmt":"2023-02-14T16:19:58","guid":{"rendered":"https:\/\/difrenos.com\/?post_type=product&#038;p=6876"},"modified":"2026-02-10T10:43:50","modified_gmt":"2026-02-10T10:43:50","slug":"gafas-husqvarna-strata-kids","status":"publish","type":"product","link":"https:\/\/difrenos.com\/index.php\/producto\/gafas-husqvarna-strata-kids\/","title":{"rendered":"Gafas Husqvarna Kids Strata"},"content":{"rendered":"<p>Referencia: 3HS210033700<\/p>\n<ul>\n<li>Gafas Offroad infantiles<\/li>\n<li>Espuma de forro polar de dos capas<\/li>\n<li>Tecnolog\u00eda antivaho<\/li>\n<li>Recubrimiento antiara\u00f1azos<\/li>\n<li>Cinta con franjas de silicona antideslizante<\/li>\n<li>Dise\u00f1o exclusivo de 100% para Husqvarna Motorcycles<\/li>\n<\/ul>\n","protected":false},"excerpt":{"rendered":"<p>Referencia: 3HS210033700 Gafas Offroad infantiles Espuma de forro polar de dos capas Tecnolog\u00eda antivaho Recubrimiento antiara\u00f1azos Cinta con franjas de silicona antideslizante Dise\u00f1o exclusivo de 100% para Husqvarna Motorcycles<\/p>\n","protected":false},"featured_media":6877,"template":"","meta":{"_et_pb_use_builder":"","_et_pb_old_content":"","_et_gb_content_width":""},"product_cat":[33,258,116],"product_tag":[414,108,117],"_links":{"self":[{"href":"https:\/\/difrenos.com\/index.php\/wp-json\/wp\/v2\/product\/6876"}],"collection":[{"href":"https:\/\/difrenos.com\/index.php\/wp-json\/wp\/v2\/product"}],"about":[{"href":"https:\/\/difrenos.com\/index.php\/wp-json\/wp\/v2\/types\/product"}],"wp:featuredmedia":[{"embeddable":true,"href":"https:\/\/difrenos.com\/index.php\/wp-json\/wp\/v2\/media\/6877"}],"wp:attachment":[{"href":"https:\/\/difrenos.com\/index.php\/wp-json\/wp\/v2\/media?parent=6876"}],"wp:term":[{"taxonomy":"product_cat","embeddable":true,"href":"https:\/\/difrenos.com\/index.php\/wp-json\/wp\/v2\/product_cat?post=6876"},{"taxonomy":"product_tag","embeddable":true,"href":"https:\/\/difrenos.com\/index.php\/wp-json\/wp\/v2\/product_tag?post=6876"}],"curies":[{"name":"wp","href":"https:\/\/api.w.org\/{rel}","templated":true}]}}