{"id":6821,"date":"2023-02-13T15:35:12","date_gmt":"2023-02-13T15:35:12","guid":{"rendered":"https:\/\/difrenos.com\/?post_type=product&#038;p=6821"},"modified":"2026-02-10T10:35:45","modified_gmt":"2026-02-10T10:35:45","slug":"gafas-husqvarna-bike-accelerate-racecraft","status":"publish","type":"product","link":"https:\/\/difrenos.com\/index.php\/producto\/gafas-husqvarna-bike-accelerate-racecraft\/","title":{"rendered":"Gafas Husqvarna Accelerate Racecraft"},"content":{"rendered":"<p>Referencia: 9800000089<\/p>\n<ul>\n<li>Protecci\u00f3n nasal desmontable<\/li>\n<li>Espuma de forro polar de cuatro capas<\/li>\n<li>Tecnolog\u00eda antivaho<\/li>\n<li>Cristal de policarbonato inyectado con protecci\u00f3n efectiva contra UVA, UVB y UVC<\/li>\n<li>Recubrimiento antiara\u00f1azos<\/li>\n<li>Cinta con franjas de silicona antideslizante<\/li>\n<li>Dise\u00f1o exclusivo de 100% para Husqvarna E-Bicycles<\/li>\n<li>50 % poliuretano \/ 25 % poli\u00e9ster \/ 20 % policarbonato \/ 5 % silicona<\/li>\n<\/ul>\n","protected":false},"excerpt":{"rendered":"<p>Referencia: 9800000089 Protecci\u00f3n nasal desmontable Espuma de forro polar de cuatro capas Tecnolog\u00eda antivaho Cristal de policarbonato inyectado con protecci\u00f3n efectiva contra UVA, UVB y UVC Recubrimiento antiara\u00f1azos Cinta con franjas de silicona antideslizante Dise\u00f1o exclusivo de 100% para Husqvarna E-Bicycles 50 % poliuretano \/ 25 % poli\u00e9ster \/ 20 % policarbonato \/ 5 % [&hellip;]<\/p>\n","protected":false},"featured_media":6822,"template":"","meta":{"_et_pb_use_builder":"","_et_pb_old_content":"","_et_gb_content_width":""},"product_cat":[292,220,33],"product_tag":[323,414,108],"_links":{"self":[{"href":"https:\/\/difrenos.com\/index.php\/wp-json\/wp\/v2\/product\/6821"}],"collection":[{"href":"https:\/\/difrenos.com\/index.php\/wp-json\/wp\/v2\/product"}],"about":[{"href":"https:\/\/difrenos.com\/index.php\/wp-json\/wp\/v2\/types\/product"}],"wp:featuredmedia":[{"embeddable":true,"href":"https:\/\/difrenos.com\/index.php\/wp-json\/wp\/v2\/media\/6822"}],"wp:attachment":[{"href":"https:\/\/difrenos.com\/index.php\/wp-json\/wp\/v2\/media?parent=6821"}],"wp:term":[{"taxonomy":"product_cat","embeddable":true,"href":"https:\/\/difrenos.com\/index.php\/wp-json\/wp\/v2\/product_cat?post=6821"},{"taxonomy":"product_tag","embeddable":true,"href":"https:\/\/difrenos.com\/index.php\/wp-json\/wp\/v2\/product_tag?post=6821"}],"curies":[{"name":"wp","href":"https:\/\/api.w.org\/{rel}","templated":true}]}}