{"id":6814,"date":"2023-02-13T15:00:12","date_gmt":"2023-02-13T15:00:12","guid":{"rendered":"https:\/\/difrenos.com\/?post_type=product&#038;p=6814"},"modified":"2026-02-03T14:09:19","modified_gmt":"2026-02-03T14:09:19","slug":"camiseta-husqvarna-bike-accelerate-dh","status":"publish","type":"product","link":"https:\/\/difrenos.com\/index.php\/producto\/camiseta-husqvarna-bike-accelerate-dh\/","title":{"rendered":"Camiseta Husqvarna EBike Accelerate DH"},"content":{"rendered":"<p>Referencias:<br \/>\n9800000067 Talla M<br \/>\n9800000070 Talla XXL<\/p>\n<ul>\n<li>Camiseta Downhill Performance ligera<\/li>\n<li>Zonas de ventilaci\u00f3n perforadas<\/li>\n<li>Inserciones de malla<\/li>\n<li>Ajuste \u00f3ptimo en posici\u00f3n de pilotaje (delante corta, detr\u00e1s larga)<\/li>\n<li>Estampados por sublimaci\u00f3n resistentes a rayos UV y al deste\u00f1ido<\/li>\n<li>Cierres de mangas sellados<\/li>\n<li>Ranura lateral<\/li>\n<li>90 % poli\u00e9ster \/ 10 % elastano<\/li>\n<\/ul>\n","protected":false},"excerpt":{"rendered":"<p>Referencias: 9800000067 Talla M 9800000070 Talla XXL Camiseta Downhill Performance ligera Zonas de ventilaci\u00f3n perforadas Inserciones de malla Ajuste \u00f3ptimo en posici\u00f3n de pilotaje (delante corta, detr\u00e1s larga) Estampados por sublimaci\u00f3n resistentes a rayos UV y al deste\u00f1ido Cierres de mangas sellados Ranura lateral 90 % poli\u00e9ster \/ 10 % elastano<\/p>\n","protected":false},"featured_media":6816,"template":"","meta":{"_et_pb_use_builder":"","_et_pb_old_content":"","_et_gb_content_width":""},"product_cat":[220,33,225],"product_tag":[315,108,314],"_links":{"self":[{"href":"https:\/\/difrenos.com\/index.php\/wp-json\/wp\/v2\/product\/6814"}],"collection":[{"href":"https:\/\/difrenos.com\/index.php\/wp-json\/wp\/v2\/product"}],"about":[{"href":"https:\/\/difrenos.com\/index.php\/wp-json\/wp\/v2\/types\/product"}],"wp:featuredmedia":[{"embeddable":true,"href":"https:\/\/difrenos.com\/index.php\/wp-json\/wp\/v2\/media\/6816"}],"wp:attachment":[{"href":"https:\/\/difrenos.com\/index.php\/wp-json\/wp\/v2\/media?parent=6814"}],"wp:term":[{"taxonomy":"product_cat","embeddable":true,"href":"https:\/\/difrenos.com\/index.php\/wp-json\/wp\/v2\/product_cat?post=6814"},{"taxonomy":"product_tag","embeddable":true,"href":"https:\/\/difrenos.com\/index.php\/wp-json\/wp\/v2\/product_tag?post=6814"}],"curies":[{"name":"wp","href":"https:\/\/api.w.org\/{rel}","templated":true}]}}